{"id":1804670,"date":"2023-04-17T17:00:32","date_gmt":"2023-04-17T15:00:32","guid":{"rendered":"https:\/\/marketing.harmonelo.io\/como-hacer-un-personaje-de-ensueno\/"},"modified":"2024-02-26T22:54:06","modified_gmt":"2024-02-26T21:54:06","slug":"como-hacer-un-personaje-de-ensueno","status":"publish","type":"page","link":"https:\/\/marketing.harmonelo.io\/es\/como-hacer-un-personaje-de-ensueno\/","title":{"rendered":"\u00bfC\u00d3MO HACER UN PERSONAJE DE ENSUE\u00d1O?"},"content":{"rendered":"\n<p class=\"has-text-align-center\">Construir el personaje de tus sue\u00f1os no tiene por qu\u00e9 ser tan complicado como parece a primera vista. Es importante recordar que cada paso cuenta.  <\/p>\n\n<figure class=\"wp-block-image size-large\"><img loading=\"lazy\" decoding=\"async\" width=\"1024\" height=\"683\" src=\"https:\/\/marketing.harmonelo.io\/wp-content\/uploads\/2023\/04\/pexels-karolina-grabowska-4498606-1024x683.jpg\" alt=\"\" class=\"wp-image-1420303\" srcset=\"https:\/\/marketing.harmonelo.io\/wp-content\/uploads\/2023\/04\/pexels-karolina-grabowska-4498606-1024x683.jpg 1024w, https:\/\/marketing.harmonelo.io\/wp-content\/uploads\/2023\/04\/pexels-karolina-grabowska-4498606-300x200.jpg 300w, https:\/\/marketing.harmonelo.io\/wp-content\/uploads\/2023\/04\/pexels-karolina-grabowska-4498606-768x512.jpg 768w, https:\/\/marketing.harmonelo.io\/wp-content\/uploads\/2023\/04\/pexels-karolina-grabowska-4498606-1536x1024.jpg 1536w, https:\/\/marketing.harmonelo.io\/wp-content\/uploads\/2023\/04\/pexels-karolina-grabowska-4498606-2048x1365.jpg 2048w, https:\/\/marketing.harmonelo.io\/wp-content\/uploads\/2023\/04\/pexels-karolina-grabowska-4498606-18x12.jpg 18w\" sizes=\"auto, (max-width: 1024px) 100vw, 1024px\" \/><\/figure>\n\n<h2 class=\"wp-block-heading has-text-align-center\">\ud83d\udccc Peque\u00f1os pasos = la base del \u00e9xito<\/h2>\n\n<p class=\"has-text-align-center\">Aunque es bueno conseguir los mejores resultados, es importante tener en cuenta que el propio <mark style=\"background-color:rgba(0, 0, 0, 0)\" class=\"has-inline-color has-primary-color\">START<\/mark> puede quemarse con bastante rapidez y facilidad.<\/p>\n\n<h2 class=\"wp-block-heading has-text-align-center\">\ud83d\udccc Cambio sostenible<\/h2>\n\n<p class=\"has-text-align-center\">La sostenibilidad, como clave del \u00e9xito, no s\u00f3lo en la dieta sino tambi\u00e9n en el deporte, es importante. Por tanto, es esencial centrarse en lo que es <mark style=\"background-color:rgba(0, 0, 0, 0)\" class=\"has-inline-color has-primary-color\">sostenible<\/mark> a largo plazo.<\/p>\n\n<figure class=\"wp-block-image size-large\"><img loading=\"lazy\" decoding=\"async\" width=\"1024\" height=\"684\" src=\"https:\/\/marketing.harmonelo.io\/wp-content\/uploads\/2023\/04\/pexels-tirachard-kumtanom-347134-1024x684.jpg\" alt=\"\" class=\"wp-image-1420301\" srcset=\"https:\/\/marketing.harmonelo.io\/wp-content\/uploads\/2023\/04\/pexels-tirachard-kumtanom-347134-1024x684.jpg 1024w, https:\/\/marketing.harmonelo.io\/wp-content\/uploads\/2023\/04\/pexels-tirachard-kumtanom-347134-300x200.jpg 300w, https:\/\/marketing.harmonelo.io\/wp-content\/uploads\/2023\/04\/pexels-tirachard-kumtanom-347134-768x513.jpg 768w, https:\/\/marketing.harmonelo.io\/wp-content\/uploads\/2023\/04\/pexels-tirachard-kumtanom-347134-1536x1025.jpg 1536w, https:\/\/marketing.harmonelo.io\/wp-content\/uploads\/2023\/04\/pexels-tirachard-kumtanom-347134-2048x1367.jpg 2048w, https:\/\/marketing.harmonelo.io\/wp-content\/uploads\/2023\/04\/pexels-tirachard-kumtanom-347134-18x12.jpg 18w\" sizes=\"auto, (max-width: 1024px) 100vw, 1024px\" \/><\/figure>\n\n<h2 class=\"wp-block-heading has-text-align-center\">\ud83d\udccc Peque\u00f1as cosas que no hacen da\u00f1o<\/h2>\n\n<p class=\"has-text-align-center\">\u00bfC\u00f3mo empezar? \u00bfEst\u00e1 cansado de los deportes o incluso les tiene aversi\u00f3n? \u00bfQu\u00e9 tal si empezamos despacio? Para empezar, un paseo m\u00e1s en\u00e9rgico puede estar bien. Puede aumentar gradualmente su recorrido, as\u00ed como su ritmo.<em>  \u00bfViaja al trabajo en autob\u00fas o autocar?<\/em>  \u00a1B\u00e1jate 1-2 paradas antes! Cr\u00e9ame, incluso estos peque\u00f1os cambios pueden hacer mucho.<\/p>\n\n<h2 class=\"wp-block-heading has-text-align-center\">\ud83d\udccc Va mejor con dos<\/h2>\n\n<p class=\"has-text-align-center\">Es natural que incluso las personas m\u00e1s motivadas puedan perder la motivaci\u00f3n con el tiempo. Por eso es estupendo tener un<mark style=\"background-color:rgba(0, 0, 0, 0)\" class=\"has-inline-color has-primary-color\"> compa\u00f1ero<\/mark> con el que motivarse y animarse mutuamente.<\/p>\n\n<figure class=\"wp-block-image aligncenter size-large\"><img loading=\"lazy\" decoding=\"async\" width=\"1024\" height=\"683\" src=\"https:\/\/marketing.harmonelo.io\/wp-content\/uploads\/2023\/04\/pexels-andrea-piacquadio-3768722-1024x683.jpg\" alt=\"\" class=\"wp-image-1420302\" srcset=\"https:\/\/marketing.harmonelo.io\/wp-content\/uploads\/2023\/04\/pexels-andrea-piacquadio-3768722-1024x683.jpg 1024w, https:\/\/marketing.harmonelo.io\/wp-content\/uploads\/2023\/04\/pexels-andrea-piacquadio-3768722-300x200.jpg 300w, https:\/\/marketing.harmonelo.io\/wp-content\/uploads\/2023\/04\/pexels-andrea-piacquadio-3768722-768x512.jpg 768w, https:\/\/marketing.harmonelo.io\/wp-content\/uploads\/2023\/04\/pexels-andrea-piacquadio-3768722-1536x1024.jpg 1536w, https:\/\/marketing.harmonelo.io\/wp-content\/uploads\/2023\/04\/pexels-andrea-piacquadio-3768722-2048x1365.jpg 2048w, https:\/\/marketing.harmonelo.io\/wp-content\/uploads\/2023\/04\/pexels-andrea-piacquadio-3768722-18x12.jpg 18w\" sizes=\"auto, (max-width: 1024px) 100vw, 1024px\" \/><\/figure>\n\n<h2 class=\"wp-block-heading has-text-align-center\">\ud83d\udccc Prueba cosas nuevas  <\/h2>\n\n<p class=\"has-text-align-center\">A veces no est\u00e1 de m\u00e1s salir de la zona de confort. Prueba a apuntarte a una clase de algo que no se te hubiera ocurrido antes. As\u00ed podr\u00e1s juzgar mejor por ti mismo qu\u00e9 tipo de deporte te interesa m\u00e1s y cu\u00e1l no.<\/p>\n\n<h2 class=\"wp-block-heading has-text-align-center\">Empiece hoy mismo<\/h2>\n\n<p class=\"has-text-align-center\">Uno de nuestros productos exclusivos tambi\u00e9n puede ser un gran aliado.<\/p>\n\n<div class=\"wp-block-buttons is-content-justification-center is-layout-flex wp-container-core-buttons-is-layout-a89b3969 wp-block-buttons-is-layout-flex\">\n<div class=\"wp-block-button\"><a class=\"wp-block-button__link has-text-align-center wp-element-button\" href=\"https:\/\/harmonelo.com\/harmonelo-slim-d596\/\" target=\"_blank\" rel=\"noreferrer noopener\">ELIJO HARMONELO SLIM<\/a><\/div>\n<\/div>\n\n<div class=\"wp-block-buttons is-content-justification-center is-layout-flex wp-container-core-buttons-is-layout-a89b3969 wp-block-buttons-is-layout-flex\">\n<div class=\"wp-block-button\"><a class=\"wp-block-button__link has-text-align-center wp-element-button\" href=\"https:\/\/catalog.harmonelo.com\/produkty\/slim\" target=\"_blank\" rel=\"noreferrer noopener\">\u00bfPOR QU\u00c9 HARMONELO SLIM?<\/a><\/div>\n<\/div>\n\n<p class=\"has-text-align-center has-x-large-font-size\">\ud83e\udd38\ud83e\uddd8\u200d\u2642\ufe0f\ud83c\udfc4\u200d\u2640\ufe0f<\/p>\n","protected":false},"excerpt":{"rendered":"<p>Construir el personaje de tus sue\u00f1os no tiene por qu\u00e9 ser tan complicado como parece a primera vista. Es importante recordar que cada paso cuenta. \ud83d\udccc Peque\u00f1os pasos = la base del \u00e9xito Aunque es bueno conseguir los mejores resultados, es importante tener en cuenta que el propio START puede quemarse con bastante rapidez y [&hellip;]<\/p>\n","protected":false},"author":5,"featured_media":0,"parent":0,"menu_order":0,"comment_status":"closed","ping_status":"closed","template":"","meta":{"_eb_attr":"","footnotes":""},"class_list":["post-1804670","page","type-page","status-publish","hentry"],"_links":{"self":[{"href":"https:\/\/marketing.harmonelo.io\/es\/wp-json\/wp\/v2\/pages\/1804670","targetHints":{"allow":["GET"]}}],"collection":[{"href":"https:\/\/marketing.harmonelo.io\/es\/wp-json\/wp\/v2\/pages"}],"about":[{"href":"https:\/\/marketing.harmonelo.io\/es\/wp-json\/wp\/v2\/types\/page"}],"author":[{"embeddable":true,"href":"https:\/\/marketing.harmonelo.io\/es\/wp-json\/wp\/v2\/users\/5"}],"replies":[{"embeddable":true,"href":"https:\/\/marketing.harmonelo.io\/es\/wp-json\/wp\/v2\/comments?post=1804670"}],"version-history":[{"count":1,"href":"https:\/\/marketing.harmonelo.io\/es\/wp-json\/wp\/v2\/pages\/1804670\/revisions"}],"predecessor-version":[{"id":1804672,"href":"https:\/\/marketing.harmonelo.io\/es\/wp-json\/wp\/v2\/pages\/1804670\/revisions\/1804672"}],"wp:attachment":[{"href":"https:\/\/marketing.harmonelo.io\/es\/wp-json\/wp\/v2\/media?parent=1804670"}],"curies":[{"name":"wp","href":"https:\/\/api.w.org\/{rel}","templated":true}]}}