{"id":1806363,"date":"2022-12-28T21:35:58","date_gmt":"2022-12-28T20:35:58","guid":{"rendered":"https:\/\/marketing.harmonelo.io\/newsletter-2\/"},"modified":"2022-12-28T21:35:58","modified_gmt":"2022-12-28T20:35:58","slug":"newsletter-2","status":"publish","type":"page","link":"https:\/\/marketing.harmonelo.io\/en\/newsletter-2\/","title":{"rendered":"Newsletter"},"content":{"rendered":"<div class=\"tnp tnp-subscription \">\n<form method=\"post\" action=\"https:\/\/marketing.harmonelo.io\/wp-admin\/admin-ajax.php?action=tnp&amp;na=s\">\n<input type=\"hidden\" name=\"nlang\" value=\"en\">\n<div class=\"tnp-field tnp-field-email\"><label for=\"tnp-1\">Email<\/label>\n<input class=\"tnp-email\" type=\"email\" name=\"ne\" id=\"tnp-1\" value=\"\" placeholder=\"\" required><\/div>\n<div class=\"tnp-field tnp-field-button\" style=\"text-align: left\"><input class=\"tnp-submit\" type=\"submit\" value=\"P\u0159ihl\u00e1sit k odb\u011bru novinek\" style=\"\">\n<\/div>\n<\/form>\n<\/div>\n\n","protected":false},"excerpt":{"rendered":"","protected":false},"author":2,"featured_media":0,"parent":0,"menu_order":0,"comment_status":"closed","ping_status":"closed","template":"","meta":{"_eb_attr":"","footnotes":""},"class_list":["post-1806363","page","type-page","status-publish","hentry"],"_links":{"self":[{"href":"https:\/\/marketing.harmonelo.io\/en\/wp-json\/wp\/v2\/pages\/1806363","targetHints":{"allow":["GET"]}}],"collection":[{"href":"https:\/\/marketing.harmonelo.io\/en\/wp-json\/wp\/v2\/pages"}],"about":[{"href":"https:\/\/marketing.harmonelo.io\/en\/wp-json\/wp\/v2\/types\/page"}],"author":[{"embeddable":true,"href":"https:\/\/marketing.harmonelo.io\/en\/wp-json\/wp\/v2\/users\/2"}],"replies":[{"embeddable":true,"href":"https:\/\/marketing.harmonelo.io\/en\/wp-json\/wp\/v2\/comments?post=1806363"}],"version-history":[{"count":0,"href":"https:\/\/marketing.harmonelo.io\/en\/wp-json\/wp\/v2\/pages\/1806363\/revisions"}],"wp:attachment":[{"href":"https:\/\/marketing.harmonelo.io\/en\/wp-json\/wp\/v2\/media?parent=1806363"}],"curies":[{"name":"wp","href":"https:\/\/api.w.org\/{rel}","templated":true}]}}