{"id":1806078,"date":"2023-04-12T10:07:05","date_gmt":"2023-04-12T08:07:05","guid":{"rendered":"https:\/\/marketing.harmonelo.io\/harmonelo-hope-%f0%9f%a6%8b-2\/"},"modified":"2024-03-01T17:01:25","modified_gmt":"2024-03-01T16:01:25","slug":"harmonelo-hope-%f0%9f%a6%8b-2","status":"publish","type":"page","link":"https:\/\/marketing.harmonelo.io\/de\/harmonelo-hope-%f0%9f%a6%8b-2\/","title":{"rendered":"Harmonelo Hope \ud83e\udd8b."},"content":{"rendered":"\n<hr class=\"wp-block-separator has-alpha-channel-opacity\"\/>\n\n<div style=\"height:20px\" aria-hidden=\"true\" class=\"wp-block-spacer\"><\/div>\n\n<h2 class=\"wp-block-heading has-text-align-center\"> <strong>\n  <em>Laurinky&#8217;s Reise<\/em>\n<\/strong> \ud83d\udc63<\/h2>\n\n<figure class=\"wp-block-image aligncenter size-large is-resized\"><img loading=\"lazy\" decoding=\"async\" width=\"1024\" height=\"1024\" src=\"https:\/\/marketing.harmonelo.io\/wp-content\/uploads\/2023\/04\/version1uuid804C32DA-19BB-45FF-A8A5-B28C52B29925modecompatiblenoloc0.jpeg-1024x1024.jpg\" alt=\"\" class=\"wp-image-1333282\" style=\"width:569px;height:569px\" srcset=\"https:\/\/marketing.harmonelo.io\/wp-content\/uploads\/2023\/04\/version1uuid804C32DA-19BB-45FF-A8A5-B28C52B29925modecompatiblenoloc0.jpeg-1024x1024.jpg 1024w, https:\/\/marketing.harmonelo.io\/wp-content\/uploads\/2023\/04\/version1uuid804C32DA-19BB-45FF-A8A5-B28C52B29925modecompatiblenoloc0.jpeg-300x300.jpg 300w, https:\/\/marketing.harmonelo.io\/wp-content\/uploads\/2023\/04\/version1uuid804C32DA-19BB-45FF-A8A5-B28C52B29925modecompatiblenoloc0.jpeg-150x150.jpg 150w, https:\/\/marketing.harmonelo.io\/wp-content\/uploads\/2023\/04\/version1uuid804C32DA-19BB-45FF-A8A5-B28C52B29925modecompatiblenoloc0.jpeg-768x768.jpg 768w, https:\/\/marketing.harmonelo.io\/wp-content\/uploads\/2023\/04\/version1uuid804C32DA-19BB-45FF-A8A5-B28C52B29925modecompatiblenoloc0.jpeg-12x12.jpg 12w, https:\/\/marketing.harmonelo.io\/wp-content\/uploads\/2023\/04\/version1uuid804C32DA-19BB-45FF-A8A5-B28C52B29925modecompatiblenoloc0.jpeg.jpg 1080w\" sizes=\"auto, (max-width: 1024px) 100vw, 1024px\" \/><\/figure>\n\n<h2 class=\"wp-block-heading has-text-align-center\"><em>Die schwierige Geschichte von Laura:<\/em><\/h2>\n\n<p class=\"has-text-align-center\">\ud83e\udd0d \u0160ekmars brachte Laurinka am 17.2.2022 aus dem Krankenhaus. Seit diesem Tag ist sie in einer gerichtlich bestellten Pflegefamilie untergebracht. Als ihre Gro\u00dfeltern sind sie berechtigt, Laurinka in jeder Hinsicht zu vertreten und haben die gleichen Rechte wie ihre Eltern. Nun muss das Gericht jedoch noch entscheiden, ob es den Eltern ihre Rechte entzieht und die Gro\u00dfeltern als Vormund einsetzt.<\/p>\n\n<p class=\"has-text-align-center\">\ud83e\udd0d Es war nicht gerade einfach. Frau \u0160ekmarov\u00e1 musste 10 Tage mit Laurinka im Krankenhaus in Hradec Kr\u00e1lov\u00e9 verbringen, wo das medizinische Personal ihr beibrachte, wie man Medikamente verabreicht und das M\u00e4dchen pflegt. Anschlie\u00dfend \u00fcbermittelten sie dem Gericht einen Bericht, aus dem hervorging, dass Frau \u0160ekmarov\u00e1 in der Lage war, sich um das kranke Kind zu k\u00fcmmern, und dass es offensichtlich war, dass Laurinka ein herzliches Verh\u00e4ltnis zu ihrer Gro\u00dfmutter hatte. \ud83d\udc69\u200d\ud83c\udf7c<\/p>\n\n<p class=\"has-text-align-center\">Diese Empfehlung veranlasste das Gericht zu der Entscheidung, dass das Kind von den Gro\u00dfeltern gut betreut werden w\u00fcrde. Da die Eltern sich seit der Geburt <mark style=\"background-color:rgba(0, 0, 0, 0)\" class=\"has-inline-color has-primary-color\">nicht um das<\/mark> Kind gek\u00fcmmert und Suchtmittel konsumiert haben, schl\u00e4gt die Kinderschutzbeh\u00f6rde vor, den Eltern die elterlichen Rechte zu entziehen.<\/p>\n\n<figure class=\"wp-block-image aligncenter size-large is-resized\"><img loading=\"lazy\" decoding=\"async\" width=\"1024\" height=\"1024\" src=\"https:\/\/marketing.harmonelo.io\/wp-content\/uploads\/2023\/03\/2-1024x1024.jpg\" alt=\"\" class=\"wp-image-981759\" style=\"width:577px;height:577px\" srcset=\"https:\/\/marketing.harmonelo.io\/wp-content\/uploads\/2023\/03\/2-1024x1024.jpg 1024w, https:\/\/marketing.harmonelo.io\/wp-content\/uploads\/2023\/03\/2-300x300.jpg 300w, https:\/\/marketing.harmonelo.io\/wp-content\/uploads\/2023\/03\/2-150x150.jpg 150w, https:\/\/marketing.harmonelo.io\/wp-content\/uploads\/2023\/03\/2-768x768.jpg 768w, https:\/\/marketing.harmonelo.io\/wp-content\/uploads\/2023\/03\/2-12x12.jpg 12w, https:\/\/marketing.harmonelo.io\/wp-content\/uploads\/2023\/03\/2.jpg 1200w\" sizes=\"auto, (max-width: 1024px) 100vw, 1024px\" \/><\/figure>\n\n<p class=\"has-text-align-center\">Helfen Sie uns auch weiterhin bei anderen sch\u00f6nen Projekten, die wir Ihnen nach und nach vorstellen werden.<\/p>\n\n<p class=\"has-text-align-center\">Sie k\u00f6nnen den von Ihnen gew\u00e4hlten Geldbetrag auf transparente Konten bei der Raiffeisenbank senden:<\/p>\n\n<blockquote class=\"wp-block-quote is-layout-flow wp-block-quote-is-layout-flow\">\n<p class=\"has-text-align-center has-primary-color has-text-color\"><strong>\n  <a href=\"https:\/\/www.rb.cz\/povinne-zverejnovane-informace\/transparentni-ucty?path=transactions&amp;accountNumber=2022102250\" target=\"_blank\" rel=\"noreferrer noopener\">\n    <mark style=\"background-color:rgba(0, 0, 0, 0)\" class=\"has-inline-color has-contrast-color\">CZK 2022102250\/5500<\/mark>\n  <\/a>\n<\/strong> (f\u00fcr Beitr\u00e4ge in CZK); IBAN: CZ6655000000002022102250 (f\u00fcr Beitr\u00e4ge aus anderen L\u00e4ndern als CZ); BIC: RZBCCZP<\/p>\n<\/blockquote>\n\n<blockquote class=\"wp-block-quote is-layout-flow wp-block-quote-is-layout-flow\">\n<p class=\"has-text-align-center has-primary-color has-text-color\"><mark style=\"background-color:rgba(0, 0, 0, 0)\" class=\"has-inline-color has-primary-color\"><a href=\"https:\/\/www.rb.cz\/povinne-zverejnovane-informace\/transparentni-ucty?path=transactions&amp;accountNumber=2022102285\" target=\"_blank\" rel=\"noreferrer noopener\"><strong>EUR 2022102285\/5500<\/strong><\/a> <\/mark>(f\u00fcr Beitr\u00e4ge in EUR); IBAN: CZ91550000000000002022102285 (f\u00fcr Beitr\u00e4ge aus anderen L\u00e4ndern als CZ); BIC: RZBCCZPP<\/p>\n<\/blockquote>\n\n<div style=\"height:20px\" aria-hidden=\"true\" class=\"wp-block-spacer\"><\/div>\n\n<h2 class=\"wp-block-heading has-text-align-center\">Danke, dass Sie uns helfen, wo es n\u00f6tig ist.<\/h2>\n\n<h2 class=\"wp-block-heading has-text-align-center\">\ud83e\udd8b\ud83e\udd8b\ud83e\udd8b<\/h2>\n\n<p class=\"has-text-align-center has-base-color has-base-background-color has-text-color has-background\"><\/p>\n","protected":false},"excerpt":{"rendered":"<p>Laurinky&#8217;s Reise \ud83d\udc63 Die schwierige Geschichte von Laura: \ud83e\udd0d \u0160ekmars brachte Laurinka am 17.2.2022 aus dem Krankenhaus. Seit diesem Tag ist sie in einer gerichtlich bestellten Pflegefamilie untergebracht. Als ihre Gro\u00dfeltern sind sie berechtigt, Laurinka in jeder Hinsicht zu vertreten und haben die gleichen Rechte wie ihre Eltern. Nun muss das Gericht jedoch noch entscheiden, [&hellip;]<\/p>\n","protected":false},"author":5,"featured_media":0,"parent":0,"menu_order":0,"comment_status":"closed","ping_status":"closed","template":"","meta":{"_eb_attr":"","footnotes":""},"class_list":["post-1806078","page","type-page","status-publish","hentry"],"_links":{"self":[{"href":"https:\/\/marketing.harmonelo.io\/de\/wp-json\/wp\/v2\/pages\/1806078","targetHints":{"allow":["GET"]}}],"collection":[{"href":"https:\/\/marketing.harmonelo.io\/de\/wp-json\/wp\/v2\/pages"}],"about":[{"href":"https:\/\/marketing.harmonelo.io\/de\/wp-json\/wp\/v2\/types\/page"}],"author":[{"embeddable":true,"href":"https:\/\/marketing.harmonelo.io\/de\/wp-json\/wp\/v2\/users\/5"}],"replies":[{"embeddable":true,"href":"https:\/\/marketing.harmonelo.io\/de\/wp-json\/wp\/v2\/comments?post=1806078"}],"version-history":[{"count":1,"href":"https:\/\/marketing.harmonelo.io\/de\/wp-json\/wp\/v2\/pages\/1806078\/revisions"}],"predecessor-version":[{"id":1806079,"href":"https:\/\/marketing.harmonelo.io\/de\/wp-json\/wp\/v2\/pages\/1806078\/revisions\/1806079"}],"wp:attachment":[{"href":"https:\/\/marketing.harmonelo.io\/de\/wp-json\/wp\/v2\/media?parent=1806078"}],"curies":[{"name":"wp","href":"https:\/\/api.w.org\/{rel}","templated":true}]}}