{"id":1806041,"date":"2023-01-20T20:10:46","date_gmt":"2023-01-20T19:10:46","guid":{"rendered":"https:\/\/marketing.harmonelo.io\/cz-sk-webinare-2\/"},"modified":"2026-04-28T18:08:40","modified_gmt":"2026-04-28T16:08:40","slug":"cz-sk-webinare-2","status":"publish","type":"page","link":"https:\/\/marketing.harmonelo.io\/de\/cz-sk-webinare-2\/","title":{"rendered":"CZ + SK Webinare"},"content":{"rendered":"\n<h1 class=\"wp-block-heading has-text-align-center\"><em>AUFZEICHNUNGEN VON PROFESSIONELLEN LIVESTREAMS, DIE BEREITS STATTGEFUNDEN HABEN, FINDEN SIE IM B\u00dcRO ALS VIP-AUFNAHMEN (80+ PV)<\/em><\/h1>\n\n<figure class=\"wp-block-image size-large\"><img loading=\"lazy\" decoding=\"async\" width=\"1024\" height=\"714\" src=\"https:\/\/marketing.harmonelo.io\/wp-content\/uploads\/2026\/04\/Snimek-obrazovky-2026-04-24-v-9.56.40-1024x714.png\" alt=\"\" class=\"wp-image-1838452\" srcset=\"https:\/\/marketing.harmonelo.io\/wp-content\/uploads\/2026\/04\/Snimek-obrazovky-2026-04-24-v-9.56.40-1024x714.png 1024w, https:\/\/marketing.harmonelo.io\/wp-content\/uploads\/2026\/04\/Snimek-obrazovky-2026-04-24-v-9.56.40-300x209.png 300w, https:\/\/marketing.harmonelo.io\/wp-content\/uploads\/2026\/04\/Snimek-obrazovky-2026-04-24-v-9.56.40-768x536.png 768w, https:\/\/marketing.harmonelo.io\/wp-content\/uploads\/2026\/04\/Snimek-obrazovky-2026-04-24-v-9.56.40-1536x1071.png 1536w, https:\/\/marketing.harmonelo.io\/wp-content\/uploads\/2026\/04\/Snimek-obrazovky-2026-04-24-v-9.56.40-2048x1429.png 2048w\" sizes=\"auto, (max-width: 1024px) 100vw, 1024px\" \/><\/figure>\n\n<hr class=\"wp-block-separator has-alpha-channel-opacity is-style-wide\"\/>\n\n<hr class=\"wp-block-separator has-alpha-channel-opacity is-style-wide\"\/>\n\n<h1 class=\"wp-block-heading has-text-align-center\">KOSTENLOSE VERKOSTUNG VON VIP RECORDS: DER VERG\u00dcTUNGSPLAN, DER 100+ MILLION\u00c4RE M\u00d6GLICH GEMACHT HAT<\/h1>\n\n<p class=\"has-text-align-center\">Wenn ein H\u00e4ndler nicht in der Lage ist, Geld zu verdienen und seinen Lebensunterhalt zu bestreiten, kann er auf Dauer keine T\u00e4tigkeit aus\u00fcben, auch wenn es sich um eine gottgef\u00e4llige handelt, und wird wahrscheinlich irgendwann das Gesch\u00e4ft aufgeben.  <\/p>\n\n<p class=\"has-text-align-center\">Deshalb ist es wichtig zu wissen, dass Harmonelo nicht nur ein ausgekl\u00fcgeltes Produkt und ein ausgekl\u00fcgeltes System hat, sondern auch einen ganzen Verg\u00fctungsplan, der seine Mitglieder sehr gro\u00dfz\u00fcgig f\u00fcr ihre Arbeit belohnt, da das Unternehmen alle Vertriebspartner sehr hoch sch\u00e4tzt.<\/p>\n\n<figure class=\"wp-block-image size-large\"><a href=\"https:\/\/cloud.harmonelo.com\/apps\/sharingpath\/mkarmazin\/HARMONELO\/RECORDINGS\/CZ%20+%20SK\/MLM%20&amp;%20KOMPENZA%C4%8CN%C3%8D%20PL%C3%81N\/Marketing%20Harmonelo%2022.3.2026.mp4\" target=\"_blank\" rel=\" noreferrer noopener\"><img loading=\"lazy\" decoding=\"async\" width=\"1024\" height=\"572\" src=\"https:\/\/marketing.harmonelo.io\/wp-content\/uploads\/2026\/04\/Snimek-obrazovky-2026-04-24-v-10.21.40-1024x572.jpg\" alt=\"\" class=\"wp-image-1838508\" srcset=\"https:\/\/marketing.harmonelo.io\/wp-content\/uploads\/2026\/04\/Snimek-obrazovky-2026-04-24-v-10.21.40-1024x572.jpg 1024w, https:\/\/marketing.harmonelo.io\/wp-content\/uploads\/2026\/04\/Snimek-obrazovky-2026-04-24-v-10.21.40-300x168.jpg 300w, https:\/\/marketing.harmonelo.io\/wp-content\/uploads\/2026\/04\/Snimek-obrazovky-2026-04-24-v-10.21.40-768x429.jpg 768w, https:\/\/marketing.harmonelo.io\/wp-content\/uploads\/2026\/04\/Snimek-obrazovky-2026-04-24-v-10.21.40-1536x858.jpg 1536w, https:\/\/marketing.harmonelo.io\/wp-content\/uploads\/2026\/04\/Snimek-obrazovky-2026-04-24-v-10.21.40-2048x1145.jpg 2048w\" sizes=\"auto, (max-width: 1024px) 100vw, 1024px\" \/><\/a><figcaption class=\"wp-element-caption\">Screenshot aus der Harmonelo 3.0 Marketing- und Verg\u00fctungsplan-Schulung<\/figcaption><\/figure>\n\n<p class=\"has-text-align-center has-small-font-size\">Den Menschen mit dem Kostbarsten zu helfen, was sie haben &#8211; ihrer Gesundheit &#8211; gibt es eine sch\u00f6nere Mission? Harmonelo ist nicht nur ein Job oder ein Gesch\u00e4ft &#8211; es ist wirklich eine Mission, die die Kraft hat, nicht nur Kopf und K\u00f6rper zu heilen, sondern auch den Geldbeutel. <\/p>\n\n<p class=\"has-text-align-center has-small-font-size\">Leider leben wir in einer materiellen Welt, und wenn Sie Ihren Seelenfrieden finden wollen, m\u00fcssen Sie die Einkommensseite geregelt haben. Die gute Nachricht ist, dass Sie, wenn Sie sich wirklich f\u00fcr Harmonelo begeistern, nicht nach einem anderen &#8222;Job&#8220; suchen m\u00fcssen. Denn selbst das l\u00f6st Harmonelo effektiv.  Woher genau kommen all diese gro\u00dfz\u00fcgigen Belohnungen?  <\/p>\n\n<p class=\"has-text-align-center has-small-font-size\">Sie werden es in dieser n\u00e4chsten Schulung erfahren, die bisher nur f\u00fcr unsere aktivsten Mitglieder bestimmt war. Da das Unternehmen Sie unterst\u00fctzen m\u00f6chte, haben auch Sie Zugang zu dieser Aufzeichnung &#8211; worauf warten Sie also noch, nutzen Sie sie! \ud83d\ude42  <\/p>\n\n<div class=\"wp-block-buttons is-content-justification-center is-layout-flex wp-container-core-buttons-is-layout-a89b3969 wp-block-buttons-is-layout-flex\">\n<div class=\"wp-block-button\"><a class=\"wp-block-button__link wp-element-button\" href=\"https:\/\/cloud.harmonelo.com\/apps\/sharingpath\/mkarmazin\/HARMONELO\/RECORDINGS\/CZ%20+%20SK\/MLM%20&amp;%20KOMPENZA%C4%8CN%C3%8D%20PL%C3%81N\/Marketing%20Harmonelo%2022.3.2026.mp4\" target=\"_blank\" rel=\"noreferrer noopener\">ICH M\u00d6CHTE HERAUSFINDEN, WARUM HARMONELO MARKETING DAS BESTE IST<\/a><\/div>\n<\/div>\n\n<hr class=\"wp-block-separator has-alpha-channel-opacity is-style-wide\"\/>\n\n<hr class=\"wp-block-separator has-alpha-channel-opacity is-style-wide\"\/>\n\n<h1 class=\"wp-block-heading has-text-align-center\" style=\"margin-top:var(--wp--preset--spacing--medium);margin-right:var(--wp--preset--spacing--medium);margin-bottom:var(--wp--preset--spacing--medium);margin-left:var(--wp--preset--spacing--medium)\"><em>MLM KURS &#8211; 8 SCHRITTE ZUM AUFBAU EINES NETZWERKS (MLM BIBEL VON &#8222;A&#8220; BIS &#8222;Z&#8220;)<\/em><\/h1>\n\n<figure class=\"wp-block-image size-large\"><a href=\"https:\/\/harmonelo.com\/cs\/products\/MLM_SYSTEM\" target=\"_blank\" rel=\"noreferrer noopener\"><img loading=\"lazy\" decoding=\"async\" width=\"1024\" height=\"857\" src=\"https:\/\/marketing.harmonelo.io\/wp-content\/uploads\/2026\/04\/Snimek-obrazovky-2026-04-24-v-10.01.09-1024x857.png\" alt=\"\" class=\"wp-image-1838466\" srcset=\"https:\/\/marketing.harmonelo.io\/wp-content\/uploads\/2026\/04\/Snimek-obrazovky-2026-04-24-v-10.01.09-1024x857.png 1024w, https:\/\/marketing.harmonelo.io\/wp-content\/uploads\/2026\/04\/Snimek-obrazovky-2026-04-24-v-10.01.09-300x251.png 300w, https:\/\/marketing.harmonelo.io\/wp-content\/uploads\/2026\/04\/Snimek-obrazovky-2026-04-24-v-10.01.09-768x643.png 768w, https:\/\/marketing.harmonelo.io\/wp-content\/uploads\/2026\/04\/Snimek-obrazovky-2026-04-24-v-10.01.09-1536x1285.png 1536w, https:\/\/marketing.harmonelo.io\/wp-content\/uploads\/2026\/04\/Snimek-obrazovky-2026-04-24-v-10.01.09.png 1678w\" sizes=\"auto, (max-width: 1024px) 100vw, 1024px\" \/><\/a><\/figure>\n\n<h2 class=\"wp-block-heading has-text-align-center\">Was werden Sie in diesem 11-st\u00fcndigen Videokurs lernen?<\/h2>\n\n<h2 class=\"wp-block-heading has-text-align-center\">(8 grundlegende MLM-Schritte):<\/h2>\n\n<ol class=\"wp-block-list\">\n<li>Warum MLM heute f\u00fcr die meisten Menschen eine der wenigen M\u00f6glichkeiten ist<\/li>\n\n\n\n<li>Wie man die richtigen Erwartungen\/Strategien festlegt<\/li>\n\n\n\n<li>Woher bekommen wir die richtigen Kontakte, damit uns nicht die Luft ausgeht?<\/li>\n\n\n\n<li>Wie man kalte und warme Kontakte richtig anspricht, Beispiele<\/li>\n\n\n\n<li>Wie man die Gelegenheit und die Produkte richtig pr\u00e4sentiert<\/li>\n\n\n\n<li>Wie man nach einer Pr\u00e4sentation OHNE Druck Kontakte kn\u00fcpft<\/li>\n\n\n\n<li>Wie man Neulinge unterrichtet, wie man richtig anf\u00e4ngt, was zu tun ist<\/li>\n\n\n\n<li>Wie baut man ein Netzwerk auf, so dass es zu einer Verdoppelung und einem st\u00e4ndigen Wachstum kommt?<\/li>\n<\/ol>\n\n<h3 class=\"wp-block-heading has-text-align-center\"><strong>Auszug aus dem 1. Modul des MLM OTHER way Kurses: <\/strong><a href=\"https:\/\/youtu.be\/adfCGON5Wkw\"><strong>https:\/\/youtu.be\/adfCGON5Wkw<\/strong><\/a><\/h3>\n\n<p style=\"margin-top:var(--wp--preset--spacing--20);margin-right:0;margin-bottom:var(--wp--preset--spacing--20);margin-left:0\">Nutzen Sie diese Abk\u00fcrzung und bauen Sie Ihr Unternehmen von Anfang an gut auf.<\/p>\n\n<p class=\"has-text-align-center\">Lernen Sie von den Erfolgreichen und profitieren Sie von 11 Stunden Know-how direkt von unserem Vertriebsleiter Michal Karmaz\u00edn.  <\/p>\n\n<div class=\"wp-block-buttons is-content-justification-center is-layout-flex wp-container-core-buttons-is-layout-a89b3969 wp-block-buttons-is-layout-flex\">\n<div class=\"wp-block-button\"><a class=\"wp-block-button__link wp-element-button\" href=\"https:\/\/harmonelo.com\/cs\/products\/MLM_SYSTEM\" target=\"_blank\" rel=\"noreferrer noopener\">ICH WILL DIE KUNST DES MLM MEISTERN &#8211; ICH WILL MLM VIDEO KURS (CZ)<\/a><\/div>\n<\/div>\n\n<hr class=\"wp-block-separator has-alpha-channel-opacity is-style-wide\"\/>\n\n<h1 class=\"wp-block-heading has-text-align-center\"><em>WIE BAUT MAN EIN REGELM\u00c4SSIGES EINKOMMEN AUF (SCHAUMSTOFFPIPELINE)?  <\/em><\/h1>\n\n<hr class=\"wp-block-separator has-alpha-channel-opacity\"\/>\n\n<h1 class=\"wp-block-heading has-text-align-center\">DIE ANTWORT IST DAS MLM-SYSTEM!<\/h1>\n\n<p class=\"has-text-align-center\">Bei Harmonelo geht es darum, mehrere Lebensbereiche <mark style=\"background-color:rgba(0, 0, 0, 0)\" class=\"has-inline-color has-primary-color\">in Einklang zu bringen<\/mark>. Wir achten darauf, die <mark style=\"background-color:rgba(0, 0, 0, 0)\" class=\"has-inline-color has-primary-color\">k\u00f6rperliche<\/mark> und <mark style=\"background-color:rgba(0, 0, 0, 0)\" class=\"has-inline-color has-primary-color\">geistige<\/mark> Gesundheit sowie die <mark style=\"background-color:rgba(0, 0, 0, 0)\" class=\"has-inline-color has-primary-color\">finanzielle<\/mark> Gesundheit in Einklang zu bringen.<\/p>\n\n<p class=\"has-text-align-center\">Sie haben die einmalige Gelegenheit, eine Menge wertvoller Ratschl\u00e4ge von unserem Sales Director zu erhalten <strong><mark style=\"background-color:rgba(0, 0, 0, 0)\" class=\"has-inline-color has-primary-color\">Michal Karmaz\u00edn,<\/mark><\/strong> der Sie in seinem gro\u00dfartigen <strong>MLM-SYSTEM<\/strong> beraten wird <mark style=\"background-color:rgba(0, 0, 0, 0)\" class=\"has-inline-color has-primary-color\">, &#8222;wie man es macht&#8220;<\/mark>.  <\/p>\n\n<p class=\"has-text-align-center\">Sie werden der FINANZIELLEN UNABH\u00c4NGIGKEIT einen Schritt n\u00e4her kommen. Glauben Sie mir, dieser Kurs ist es wert.<\/p>\n\n<figure class=\"wp-block-embed is-type-video is-provider-youtube wp-block-embed-youtube wp-embed-aspect-16-9 wp-has-aspect-ratio\"><div class=\"wp-block-embed__wrapper\">\n<iframe loading=\"lazy\" title=\"MODUL 1\" width=\"500\" height=\"281\" src=\"https:\/\/www.youtube.com\/embed\/PuFtedaOfjE?feature=oembed\" frameborder=\"0\" allow=\"accelerometer; autoplay; clipboard-write; encrypted-media; gyroscope; picture-in-picture; web-share\" referrerpolicy=\"strict-origin-when-cross-origin\" allowfullscreen><\/iframe>\n<\/div><\/figure>\n\n<p class=\"has-text-align-center\">Sie k\u00f6nnen es in ihrem <mark style=\"background-color:rgba(0, 0, 0, 0)\" class=\"has-inline-color has-primary-color\">E-Shop<\/mark> kaufen. Warten Sie nicht und beginnen Sie Ihre Ausbildung <mark style=\"background-color:rgba(0, 0, 0, 0)\" class=\"has-inline-color has-primary-color\">HEUTE<\/mark>!<\/p>\n\n<p class=\"has-text-align-center\">Dieser tolle <mark style=\"background-color:rgba(0, 0, 0, 0)\" class=\"has-inline-color has-primary-color\">Trailer<\/mark> wurde in diese Sprachen \u00fcbersetzt:<\/p>\n\n<p class=\"has-text-align-center\">CZ, SK, EN, DE, HU, RO, IT, ES, FR, PL, BG, GR, RU<\/p>\n\n<p class=\"has-text-align-center\">Leider ist der gesamte Kurs vorerst nur in Tschechien verf\u00fcgbar, aber nicht nur f\u00fcr den inl\u00e4ndischen, sondern auch f\u00fcr den ausl\u00e4ndischen Markt haben wir eine <strong>v\u00f6llig neue Generation von Bildung, die 90+ Sprachen unterst\u00fctzt<\/strong> &#8211; begr\u00fc\u00dfen wir EDU SYSTEM 2.0 mit Ihrem privaten KI-Sponsor Harmonelo, der niemals schl\u00e4ft und absolut alles wei\u00df!<\/p>\n\n<h1 class=\"wp-block-heading has-text-align-center\"><em>PERS\u00d6NLICH<\/em> <em>AI SPONSOR &#8211; IHR SCHL\u00dcSSEL ZUM VOLLST\u00c4NDIGEN WISSEN \u00dcBER DIE WELT VON HARMONELO <\/em> <\/h1>\n\n<figure class=\"wp-block-image aligncenter size-full is-resized\"><a href=\"https:\/\/harmonelo.com\/cs\/products\/CHATBOT\" target=\"_blank\" rel=\" noreferrer noopener\"><img loading=\"lazy\" decoding=\"async\" width=\"1280\" height=\"1024\" src=\"https:\/\/marketing.harmonelo.io\/wp-content\/uploads\/2026\/04\/ChatGPT-Image-27.-3.-2026-14_08_21.png\" alt=\"\" class=\"wp-image-1838480\" style=\"width:600px;height:undefinedpx\" srcset=\"https:\/\/marketing.harmonelo.io\/wp-content\/uploads\/2026\/04\/ChatGPT-Image-27.-3.-2026-14_08_21.png 1280w, https:\/\/marketing.harmonelo.io\/wp-content\/uploads\/2026\/04\/ChatGPT-Image-27.-3.-2026-14_08_21-300x240.png 300w, https:\/\/marketing.harmonelo.io\/wp-content\/uploads\/2026\/04\/ChatGPT-Image-27.-3.-2026-14_08_21-1024x819.png 1024w, https:\/\/marketing.harmonelo.io\/wp-content\/uploads\/2026\/04\/ChatGPT-Image-27.-3.-2026-14_08_21-768x614.png 768w\" sizes=\"auto, (max-width: 1280px) 100vw, 1280px\" \/><\/a><\/figure>\n\n<p class=\"has-text-align-center\">Erschlie\u00dfen Sie die Macht der KI, die auf Ihr Unternehmen zugeschnitten ist. Erhalten Sie sofortigen Zugang zu unserem fortschrittlichsten Chatbot f\u00fcr Harmonelo und MLM-Unternehmen.   <\/p>\n\n<p class=\"has-text-align-center\">Unser KI-Sponsor wurde in allem geschult, was Sie im Harmonelo-Gesch\u00e4ft ben\u00f6tigen &#8211; er kennt nicht nur alle Produkte und den gesamten Verg\u00fctungsplan, sondern wei\u00df auch, wie man ein sich st\u00e4ndig duplizierendes Gesch\u00e4ftsnetzwerk richtig aufbaut!  <\/p>\n\n<p class=\"has-text-align-center\">Einfach ausgedr\u00fcckt: Der KI-Sponsor in EDU SYSTEM 2.0 wei\u00df alles \u00fcber die Welt von Harmonelo und h\u00f6rt dar\u00fcber hinaus nie auf zu lernen!  <\/p>\n\n<div class=\"wp-block-buttons is-content-justification-center is-layout-flex wp-container-core-buttons-is-layout-a89b3969 wp-block-buttons-is-layout-flex\">\n<div class=\"wp-block-button\"><a class=\"wp-block-button__link wp-element-button\" href=\"https:\/\/harmonelo.com\/cs\/products\/CHATBOT\" target=\"_blank\" rel=\"noreferrer noopener\">ICH WILL MEINEN KI-SPONSOR UND MIT IHM GANZ EUROPA AUFBAUEN<\/a><\/div>\n<\/div>\n\n<p class=\"has-text-align-center\">Mit diesem digitalen Abonnement erhalten Sie rund um die Uhr Unterst\u00fctzung bei komplexen Fragen und k\u00f6nnen Ihre Produktivit\u00e4t sofort steigern.  <\/p>\n\n<p class=\"has-text-align-center\">Es unterst\u00fctzt \u00fcber 90 Sprachen und bietet Ihnen die M\u00f6glichkeit, ein internationales Gesch\u00e4ft ohne Sprachbarrieren aufzubauen.  <\/p>\n\n<p class=\"has-text-align-center\">Ganz Europa steht Ihnen jetzt zur Verf\u00fcgung.  <\/p>\n\n<p class=\"has-text-align-center\">Auch ohne Sprachkenntnisse.<\/p>\n","protected":false},"excerpt":{"rendered":"<p>AUFZEICHNUNGEN VON PROFESSIONELLEN LIVESTREAMS, DIE BEREITS STATTGEFUNDEN HABEN, FINDEN SIE IM B\u00dcRO ALS VIP-AUFNAHMEN (80+ PV) KOSTENLOSE VERKOSTUNG VON VIP RECORDS: DER VERG\u00dcTUNGSPLAN, DER 100+ MILLION\u00c4RE M\u00d6GLICH GEMACHT HAT Wenn ein H\u00e4ndler nicht in der Lage ist, Geld zu verdienen und seinen Lebensunterhalt zu bestreiten, kann er auf Dauer keine T\u00e4tigkeit aus\u00fcben, auch wenn es [&hellip;]<\/p>\n","protected":false},"author":2,"featured_media":0,"parent":0,"menu_order":0,"comment_status":"closed","ping_status":"closed","template":"","meta":{"_eb_attr":"","footnotes":""},"class_list":["post-1806041","page","type-page","status-publish","hentry"],"_links":{"self":[{"href":"https:\/\/marketing.harmonelo.io\/de\/wp-json\/wp\/v2\/pages\/1806041","targetHints":{"allow":["GET"]}}],"collection":[{"href":"https:\/\/marketing.harmonelo.io\/de\/wp-json\/wp\/v2\/pages"}],"about":[{"href":"https:\/\/marketing.harmonelo.io\/de\/wp-json\/wp\/v2\/types\/page"}],"author":[{"embeddable":true,"href":"https:\/\/marketing.harmonelo.io\/de\/wp-json\/wp\/v2\/users\/2"}],"replies":[{"embeddable":true,"href":"https:\/\/marketing.harmonelo.io\/de\/wp-json\/wp\/v2\/comments?post=1806041"}],"version-history":[{"count":175,"href":"https:\/\/marketing.harmonelo.io\/de\/wp-json\/wp\/v2\/pages\/1806041\/revisions"}],"predecessor-version":[{"id":1838641,"href":"https:\/\/marketing.harmonelo.io\/de\/wp-json\/wp\/v2\/pages\/1806041\/revisions\/1838641"}],"wp:attachment":[{"href":"https:\/\/marketing.harmonelo.io\/de\/wp-json\/wp\/v2\/media?parent=1806041"}],"curies":[{"name":"wp","href":"https:\/\/api.w.org\/{rel}","templated":true}]}}