{"id":1804893,"date":"2023-03-22T09:56:43","date_gmt":"2023-03-22T08:56:43","guid":{"rendered":"https:\/\/marketing.harmonelo.io\/das-mikrobiom-eine-zusammenfassung-der-wichtigsten-informationen\/"},"modified":"2024-02-26T22:57:03","modified_gmt":"2024-02-26T21:57:03","slug":"das-mikrobiom-eine-zusammenfassung-der-wichtigsten-informationen","status":"publish","type":"page","link":"https:\/\/marketing.harmonelo.io\/de\/das-mikrobiom-eine-zusammenfassung-der-wichtigsten-informationen\/","title":{"rendered":"Das Mikrobiom: eine Zusammenfassung der wichtigsten Informationen"},"content":{"rendered":"\n<p class=\"has-text-align-center\">Wie man so sch\u00f6n sagt: Wiederholung ist die Mutter der Weisheit. Haben Sie die <mark style=\"background-color:rgba(0, 0, 0, 0)\" class=\"has-inline-color has-primary-color\">grundlegenden Fakten <\/mark>\u00fcber das Mikrobiom in Ihrem kleinen Finger? Wenn nicht, hoffen wir, dass Sie diesen Beitrag n\u00fctzlich finden.<\/p>\n\n<hr class=\"wp-block-separator has-alpha-channel-opacity\"\/>\n\n<figure class=\"wp-block-image size-large\"><img loading=\"lazy\" decoding=\"async\" width=\"1024\" height=\"683\" src=\"https:\/\/marketing.harmonelo.io\/wp-content\/uploads\/2023\/03\/pexels-alexander-mils-2103949-1024x683.jpg\" alt=\"\" class=\"wp-image-1070145\" srcset=\"https:\/\/marketing.harmonelo.io\/wp-content\/uploads\/2023\/03\/pexels-alexander-mils-2103949-1024x683.jpg 1024w, https:\/\/marketing.harmonelo.io\/wp-content\/uploads\/2023\/03\/pexels-alexander-mils-2103949-300x200.jpg 300w, https:\/\/marketing.harmonelo.io\/wp-content\/uploads\/2023\/03\/pexels-alexander-mils-2103949-768x512.jpg 768w, https:\/\/marketing.harmonelo.io\/wp-content\/uploads\/2023\/03\/pexels-alexander-mils-2103949-1536x1024.jpg 1536w, https:\/\/marketing.harmonelo.io\/wp-content\/uploads\/2023\/03\/pexels-alexander-mils-2103949-2048x1365.jpg 2048w, https:\/\/marketing.harmonelo.io\/wp-content\/uploads\/2023\/03\/pexels-alexander-mils-2103949-18x12.jpg 18w\" sizes=\"auto, (max-width: 1024px) 100vw, 1024px\" \/><\/figure>\n\n<p class=\"has-text-align-center\"><mark style=\"background-color:rgba(0, 0, 0, 0)\" class=\"has-inline-color has-primary-color\"><strong>Was ist das Mikrobiom?<\/strong><\/mark>  Die Gesamtheit der Gene aller Mikroorganismen, die in unserem Organismus leben. Die meisten von uns haben wahrscheinlich schon vom Darmmikrobiom geh\u00f6rt, aber es gibt zum Beispiel auch ein Haut-, Vaginal- oder Mundmikrobiom.<\/p>\n\n<p class=\"has-text-align-center\"><strong><mark style=\"background-color:rgba(0, 0, 0, 0)\" class=\"has-inline-color has-primary-color\">Was alles kann unser Mikrobiom beeinflussen?<\/mark><\/strong>  Das Mikrobiom ist derzeit Gegenstand zahlreicher Forschungsarbeiten. Viele Dinge m\u00f6gen uns noch verborgen bleiben. Klar ist jedoch, dass unser Mikrobiom von einer Reihe von Faktoren beeinflusst wird.<\/p>\n\n<h1 class=\"has-text-align-center wp-block-heading\"><strong><mark style=\"background-color:rgba(0, 0, 0, 0)\" class=\"has-inline-color has-primary-color\">Was sind sie zum Beispiel?<\/mark><\/strong><\/h1>\n\n<ol class=\"wp-block-list\">\n<li>Unser allgemeiner Lebensstil<\/li>\n\n\n\n<li>Geburt (nat\u00fcrlich\/Kaiserschnitt)<\/li>\n\n\n\n<li>Stillen<\/li>\n\n\n\n<li>Erg\u00e4nzung von Medikamenten<\/li>\n\n\n\n<li>Allgemeine Lebensweise<\/li>\n\n\n\n<li>Schlafhygiene<\/li>\n\n\n\n<li>Die Umwelt, in der wir leben<\/li>\n<\/ol>\n\n<div style=\"height:30px\" aria-hidden=\"true\" class=\"wp-block-spacer\"><\/div>\n\n<figure class=\"wp-block-image size-large\"><img loading=\"lazy\" decoding=\"async\" width=\"1024\" height=\"683\" src=\"https:\/\/marketing.harmonelo.io\/wp-content\/uploads\/2023\/03\/pexels-andrea-piacquadio-712413-1024x683.jpg\" alt=\"\" class=\"wp-image-1070146\" srcset=\"https:\/\/marketing.harmonelo.io\/wp-content\/uploads\/2023\/03\/pexels-andrea-piacquadio-712413-1024x683.jpg 1024w, https:\/\/marketing.harmonelo.io\/wp-content\/uploads\/2023\/03\/pexels-andrea-piacquadio-712413-300x200.jpg 300w, https:\/\/marketing.harmonelo.io\/wp-content\/uploads\/2023\/03\/pexels-andrea-piacquadio-712413-768x512.jpg 768w, https:\/\/marketing.harmonelo.io\/wp-content\/uploads\/2023\/03\/pexels-andrea-piacquadio-712413-1536x1024.jpg 1536w, https:\/\/marketing.harmonelo.io\/wp-content\/uploads\/2023\/03\/pexels-andrea-piacquadio-712413-2048x1365.jpg 2048w, https:\/\/marketing.harmonelo.io\/wp-content\/uploads\/2023\/03\/pexels-andrea-piacquadio-712413-18x12.jpg 18w\" sizes=\"auto, (max-width: 1024px) 100vw, 1024px\" \/><\/figure>\n\n<div style=\"height:20px\" aria-hidden=\"true\" class=\"wp-block-spacer\"><\/div>\n\n<p class=\"has-text-align-center\">Wie aus den obigen Ausf\u00fchrungen wahrscheinlich bereits hervorgeht, ist das Mikrobiom keineswegs eindeutig. Im Gegenteil, sie ist <mark style=\"background-color:rgba(0, 0, 0, 0)\" class=\"has-inline-color has-primary-color\">\n  <strong>ein Komplex aus vielen Faktoren<\/strong>\n<\/mark>die dann unser Mikrobiom formen und beeinflussen, das <mark style=\"background-color:rgba(0, 0, 0, 0)\" class=\"has-inline-color has-primary-color\">\n  <strong>einzigartig<\/strong>\n<\/mark>. Unsere &#8222;zehn Gebote&#8220; f\u00fcr die Pflege des Mikrobioms k\u00f6nnen Ihnen helfen.<\/p>\n\n<h1 class=\"has-text-align-center wp-block-heading\">Zehn Dinge f\u00fcr die Pflege Ihres Mikrobioms<\/h1>\n\n<ol class=\"wp-block-list\">\n<li>Unterst\u00fctzen Sie die Vielfalt Ihrer mikrobiellen Vielfalt mit einer abwechslungsreichen Ern\u00e4hrung.<\/li>\n\n\n\n<li>Wenn es nicht unbedingt notwendig ist (Lebensmittelunvertr\u00e4glichkeiten, Allergien oder andere Probleme), sollten Sie nicht unn\u00f6tig ganze Lebensmittelgruppen aus Ihrer Ern\u00e4hrung streichen.<\/li>\n\n\n\n<li>Vergessen Sie Gem\u00fcse und Obst nicht, achten Sie auf Saisonalit\u00e4t und Regionalit\u00e4t.<\/li>\n\n\n\n<li>Essen Sie sparsam und regelm\u00e4\u00dfig.<\/li>\n\n\n\n<li>Nehmen Sie ballaststoffreiche Lebensmittel in Ihre Ern\u00e4hrung auf.<\/li>\n\n\n\n<li>Vermeiden Sie stark verarbeitete Lebensmittel.<\/li>\n\n\n\n<li>Denken Sie an Bewegung und Aufenthalt in der Natur.<\/li>\n\n\n\n<li>Achten Sie auf Ihr geistiges Wohlbefinden.<\/li>\n\n\n\n<li>Lassen Sie sich keinen Qualit\u00e4tsschlaf vorenthalten.<\/li>\n\n\n\n<li>Achten Sie auf Ihr Trinkverhalten.<\/li>\n<\/ol>\n\n<div style=\"height:27px\" aria-hidden=\"true\" class=\"wp-block-spacer\"><\/div>\n\n<figure class=\"wp-block-image size-large\"><img loading=\"lazy\" decoding=\"async\" width=\"1024\" height=\"683\" src=\"https:\/\/marketing.harmonelo.io\/wp-content\/uploads\/2023\/03\/pexels-alexy-almond-3758053-1-1024x683.jpg\" alt=\"\" class=\"wp-image-1070148\" srcset=\"https:\/\/marketing.harmonelo.io\/wp-content\/uploads\/2023\/03\/pexels-alexy-almond-3758053-1-1024x683.jpg 1024w, https:\/\/marketing.harmonelo.io\/wp-content\/uploads\/2023\/03\/pexels-alexy-almond-3758053-1-300x200.jpg 300w, https:\/\/marketing.harmonelo.io\/wp-content\/uploads\/2023\/03\/pexels-alexy-almond-3758053-1-768x512.jpg 768w, https:\/\/marketing.harmonelo.io\/wp-content\/uploads\/2023\/03\/pexels-alexy-almond-3758053-1-1536x1024.jpg 1536w, https:\/\/marketing.harmonelo.io\/wp-content\/uploads\/2023\/03\/pexels-alexy-almond-3758053-1-2048x1365.jpg 2048w, https:\/\/marketing.harmonelo.io\/wp-content\/uploads\/2023\/03\/pexels-alexy-almond-3758053-1-18x12.jpg 18w\" sizes=\"auto, (max-width: 1024px) 100vw, 1024px\" \/><\/figure>\n\n<h1 class=\"has-text-align-center wp-block-heading\">Was ist damit gemeint?<\/h1>\n\n<p class=\"has-text-align-center\">Das Mikrobiom sollte nicht <mark style=\"background-color:rgba(0, 0, 0, 0)\" class=\"has-inline-color has-primary-color\">untersch\u00e4tzt<\/mark> werden. Es ist w\u00fcnschenswert, diese Dinge von einem <mark style=\"background-color:rgba(0, 0, 0, 0)\" class=\"has-inline-color has-primary-color\">pr\u00e4ventiven Standpunkt<\/mark> aus zu betrachten und das Mikrobiom als etwas <mark style=\"background-color:rgba(0, 0, 0, 0)\" class=\"has-inline-color has-primary-color\">Komplexes<\/mark> zu betrachten. Wir haben nur eine Gesundheit, also <mark style=\"background-color:rgba(0, 0, 0, 0)\" class=\"has-inline-color has-primary-color\">h\u00f6ren Sie nicht auf,<\/mark> sie <mark style=\"background-color:rgba(0, 0, 0, 0)\" class=\"has-inline-color has-primary-color\">zu sch\u00e4tzen<\/mark> und sich um sie zu k\u00fcmmern.<\/p>\n\n<div class=\"wp-block-buttons is-layout-flex wp-block-buttons-is-layout-flex\">\n<div class=\"wp-block-button aligncenter\"><a class=\"wp-block-button__link wp-element-button\" href=\"https:\/\/harmonelo.com\/harmonelo-smart-probio-d610\/\" target=\"_blank\" rel=\"noreferrer noopener\">ICH M\u00d6CHTE UNTERSUCHEN HARMONELO SMART PROBIO<\/a><\/div>\n<\/div>\n\n<div class=\"wp-block-buttons is-layout-flex wp-block-buttons-is-layout-flex\">\n<div class=\"wp-block-button aligncenter\"><a class=\"wp-block-button__link wp-element-button\" href=\"https:\/\/harmonelo.com\/harmonelo-probione-d611\/\" target=\"_blank\" rel=\"noreferrer noopener\">ICH WILL PROBEN HARMONELO PROBIONE<\/a><\/div>\n<\/div>\n","protected":false},"excerpt":{"rendered":"<p>Wie man so sch\u00f6n sagt: Wiederholung ist die Mutter der Weisheit. Haben Sie die grundlegenden Fakten \u00fcber das Mikrobiom in Ihrem kleinen Finger? Wenn nicht, hoffen wir, dass Sie diesen Beitrag n\u00fctzlich finden. Was ist das Mikrobiom? Die Gesamtheit der Gene aller Mikroorganismen, die in unserem Organismus leben. Die meisten von uns haben wahrscheinlich schon [&hellip;]<\/p>\n","protected":false},"author":5,"featured_media":0,"parent":0,"menu_order":0,"comment_status":"closed","ping_status":"closed","template":"","meta":{"_eb_attr":"","footnotes":""},"class_list":["post-1804893","page","type-page","status-publish","hentry"],"_links":{"self":[{"href":"https:\/\/marketing.harmonelo.io\/de\/wp-json\/wp\/v2\/pages\/1804893","targetHints":{"allow":["GET"]}}],"collection":[{"href":"https:\/\/marketing.harmonelo.io\/de\/wp-json\/wp\/v2\/pages"}],"about":[{"href":"https:\/\/marketing.harmonelo.io\/de\/wp-json\/wp\/v2\/types\/page"}],"author":[{"embeddable":true,"href":"https:\/\/marketing.harmonelo.io\/de\/wp-json\/wp\/v2\/users\/5"}],"replies":[{"embeddable":true,"href":"https:\/\/marketing.harmonelo.io\/de\/wp-json\/wp\/v2\/comments?post=1804893"}],"version-history":[{"count":1,"href":"https:\/\/marketing.harmonelo.io\/de\/wp-json\/wp\/v2\/pages\/1804893\/revisions"}],"predecessor-version":[{"id":1804896,"href":"https:\/\/marketing.harmonelo.io\/de\/wp-json\/wp\/v2\/pages\/1804893\/revisions\/1804896"}],"wp:attachment":[{"href":"https:\/\/marketing.harmonelo.io\/de\/wp-json\/wp\/v2\/media?parent=1804893"}],"curies":[{"name":"wp","href":"https:\/\/api.w.org\/{rel}","templated":true}]}}