{"id":1804884,"date":"2023-04-05T16:27:28","date_gmt":"2023-04-05T14:27:28","guid":{"rendered":"https:\/\/marketing.harmonelo.io\/ostern-spezial%f0%9f%a5%9a\/"},"modified":"2024-02-26T22:56:58","modified_gmt":"2024-02-26T21:56:58","slug":"ostern-spezial%f0%9f%a5%9a","status":"publish","type":"page","link":"https:\/\/marketing.harmonelo.io\/de\/ostern-spezial%f0%9f%a5%9a\/","title":{"rendered":"Ostern Spezial\ud83e\udd5a"},"content":{"rendered":"\n<hr class=\"wp-block-separator has-alpha-channel-opacity\"\/>\n\n<p class=\"has-text-align-center has-large-font-size\">\ud83d\udc9b\ud83d\udc9c\ud83d\udc9a<\/p>\n\n<p class=\"has-text-align-center\">Ostern ist da! Aus diesem Grund haben wir eine Sonderausgabe zum Thema Ostern vorbereitet.  <em><mark style=\"background-color:rgba(0, 0, 0, 0)\" class=\"has-inline-color has-primary-color\">Wissen Sie, wie lange man gekochte Eier aufbewahrt?<\/mark><\/em> <em><mark style=\"background-color:rgba(0, 0, 0, 0)\" class=\"has-inline-color has-primary-color\">Wie kann man zu Hause selbst Eier f\u00e4rben und dabei nat\u00fcrliche Bestandteile verwenden?<\/mark><\/em> <em><mark style=\"background-color:rgba(0, 0, 0, 0)\" class=\"has-inline-color has-primary-color\">Womit k\u00f6nnen Sie die Kinder dieses Jahr \u00fcberraschen?<\/mark> <\/em>Dies und vieles mehr k\u00f6nnen Sie in diesem Beitrag nachlesen.<\/p>\n\n<figure class=\"wp-block-image size-large\"><img loading=\"lazy\" decoding=\"async\" width=\"1024\" height=\"1024\" src=\"https:\/\/marketing.harmonelo.io\/wp-content\/uploads\/2023\/04\/IMG_1138-1024x1024.png\" alt=\"\" class=\"wp-image-1245900\" srcset=\"https:\/\/marketing.harmonelo.io\/wp-content\/uploads\/2023\/04\/IMG_1138-1024x1024.png 1024w, https:\/\/marketing.harmonelo.io\/wp-content\/uploads\/2023\/04\/IMG_1138-300x300.png 300w, https:\/\/marketing.harmonelo.io\/wp-content\/uploads\/2023\/04\/IMG_1138-150x150.png 150w, https:\/\/marketing.harmonelo.io\/wp-content\/uploads\/2023\/04\/IMG_1138-768x768.png 768w, https:\/\/marketing.harmonelo.io\/wp-content\/uploads\/2023\/04\/IMG_1138-12x12.png 12w, https:\/\/marketing.harmonelo.io\/wp-content\/uploads\/2023\/04\/IMG_1138.png 1080w\" sizes=\"auto, (max-width: 1024px) 100vw, 1024px\" \/><\/figure>\n\n<h1 class=\"wp-block-heading has-text-align-center\"><strong>\n  <mark style=\"background-color:rgba(0, 0, 0, 0)\" class=\"has-inline-color has-primary-color\">Wie f\u00e4rbt man seine Eier mit nat\u00fcrlichen Bestandteilen?<\/mark>\n<\/strong>\ud83e\udd5a<\/h1>\n\n<p>Es gibt \u00fcberall alle Arten von Eifarben. Aber wussten Sie, dass Sie Ihre Eier ganz bequem von zu Hause aus verzieren und Komponenten verwenden k\u00f6nnen, an die Sie vielleicht gar nicht gedacht haben?<\/p>\n\n<h2 class=\"wp-block-heading has-text-align-center\">Wie macht man das? \ud83d\udd11<\/h2>\n\n<p class=\"has-text-align-center\">\ud83e\udd5a Zun\u00e4chst muss jedes Ei vor dem F\u00e4rben gereinigt und gewaschen (entfettet) werden. Sie k\u00f6nnen zum Beispiel ein Geschirrsp\u00fclmittel oder eine Kombination aus warmem Wasser und Soda zur Hilfe nehmen. Diese Schritte sorgen daf\u00fcr, dass die gew\u00fcnschte Farbe besser auf dem Ei haften bleibt. Jetzt m\u00fcssen Sie nur noch die endg\u00fcltige Farbe Ihrer Wahl ausw\u00e4hlen.  <\/p>\n\n<ol class=\"wp-block-list\">\n<li><mark style=\"background-color:rgba(0, 0, 0, 0)\" class=\"has-inline-color has-primary-color\"><strong>ZWIEBEL<\/strong>: Zwiebelschalen<\/mark> k\u00f6nnen Ihre Eier sch\u00f6n karamellbraun f\u00e4rben.<\/li>\n\n\n\n<li><strong>\n  <mark style=\"background-color:rgba(0, 0, 0, 0)\" class=\"has-inline-color has-primary-color\">KURKUM<\/mark>\n<\/strong><mark style=\"background-color:rgba(0, 0, 0, 0)\" class=\"has-inline-color has-primary-color\"><strong>A<\/strong>: <\/mark>Mit Kurkuma k\u00f6nnen Sie einen passenden karamellgelben Farbton zaubern.  <\/li>\n\n\n\n<li><mark style=\"background-color:rgba(0, 0, 0, 0)\" class=\"has-inline-color has-primary-color\">\n  <strong>ROTES GOLD:<\/strong>\n<\/mark> Mit Rotkohl zaubern Sie einen \u00fcberraschenden Blauton.<\/li>\n\n\n\n<li><mark style=\"background-color:rgba(0, 0, 0, 0)\" class=\"has-inline-color has-primary-color\"><strong>RED LINE<\/strong>: <\/mark>In diesem Fall erhalten Sie eine sch\u00f6ne rote Farbe.<\/li>\n\n\n\n<li><strong>\n  <mark style=\"background-color:rgba(0, 0, 0, 0)\" class=\"has-inline-color has-primary-color\">PETR\u017dEL: <\/mark>\n<\/strong>Mit Petersilie k\u00f6nnen Sie einen sch\u00f6nen gr\u00fcnen Farbton erzielen.<\/li>\n<\/ol>\n\n<p class=\"has-text-align-center\">Alle Bestandteile, die die Eier f\u00e4rben sollen (Zwiebelschalen, Kurkuma usw.), in den Topf geben und mit 700-800 ml Wasser bedecken. 2 Essl\u00f6ffel Essig und eine Prise Salz hinzuf\u00fcgen. Dann zum Kochen bringen. Dann die Eier, die gef\u00e4rbt werden sollen, hinzugeben und 10 Minuten lang kochen. Die Flamme ausschalten und die Eier in dem abgek\u00fchlten Wasser abk\u00fchlen lassen. Die daraus resultierenden Farben werden Sie sicher genauso begeistern wie uns \ud83d\udc9b\ud83d\udc9c\ud83d\udc9a.<\/p>\n\n<div style=\"height:30px\" aria-hidden=\"true\" class=\"wp-block-spacer\"><\/div>\n\n<figure class=\"wp-block-image size-large\"><img loading=\"lazy\" decoding=\"async\" width=\"1024\" height=\"684\" src=\"https:\/\/marketing.harmonelo.io\/wp-content\/uploads\/2023\/04\/pexels-ksenia-chernaya-3980600-1024x684.jpg\" alt=\"\" class=\"wp-image-1245905\" srcset=\"https:\/\/marketing.harmonelo.io\/wp-content\/uploads\/2023\/04\/pexels-ksenia-chernaya-3980600-1024x684.jpg 1024w, https:\/\/marketing.harmonelo.io\/wp-content\/uploads\/2023\/04\/pexels-ksenia-chernaya-3980600-300x200.jpg 300w, https:\/\/marketing.harmonelo.io\/wp-content\/uploads\/2023\/04\/pexels-ksenia-chernaya-3980600-768x513.jpg 768w, https:\/\/marketing.harmonelo.io\/wp-content\/uploads\/2023\/04\/pexels-ksenia-chernaya-3980600-1536x1025.jpg 1536w, https:\/\/marketing.harmonelo.io\/wp-content\/uploads\/2023\/04\/pexels-ksenia-chernaya-3980600-2048x1367.jpg 2048w, https:\/\/marketing.harmonelo.io\/wp-content\/uploads\/2023\/04\/pexels-ksenia-chernaya-3980600-18x12.jpg 18w\" sizes=\"auto, (max-width: 1024px) 100vw, 1024px\" \/><\/figure>\n\n<div style=\"height:20px\" aria-hidden=\"true\" class=\"wp-block-spacer\"><\/div>\n\n<h1 class=\"wp-block-heading has-text-align-center\">Wie lagert man gekochte Eier? \ud83d\udca1<\/h1>\n\n<ol class=\"wp-block-list\">\n<li>Auch ein gekochtes Ei ist nur begrenzt haltbar.<\/li>\n\n\n\n<li>Bei Zimmertemperatur nimmt die Haltbarkeit von gekochten Eiern schnell ab. Sie sind etwa 2-3 Tage haltbar.<\/li>\n\n\n\n<li>Im K\u00fchlschrank sind Eier jedoch 7-14 Tage haltbar (wenn man sie nach dem Kochen abk\u00fchlt und in den K\u00fchlschrank stellt).<\/li>\n\n\n\n<li>Nat\u00fcrlich ist es ideal, die Eier so schnell wie m\u00f6glich zu verbrauchen oder zu verarbeiten.<\/li>\n<\/ol>\n\n<div style=\"height:27px\" aria-hidden=\"true\" class=\"wp-block-spacer\"><\/div>\n\n<figure class=\"wp-block-image size-large\"><img loading=\"lazy\" decoding=\"async\" width=\"1024\" height=\"683\" src=\"https:\/\/marketing.harmonelo.io\/wp-content\/uploads\/2023\/04\/pexels-roman-odintsov-6897341-1024x683.jpg\" alt=\"\" class=\"wp-image-1245904\" srcset=\"https:\/\/marketing.harmonelo.io\/wp-content\/uploads\/2023\/04\/pexels-roman-odintsov-6897341-1024x683.jpg 1024w, https:\/\/marketing.harmonelo.io\/wp-content\/uploads\/2023\/04\/pexels-roman-odintsov-6897341-300x200.jpg 300w, https:\/\/marketing.harmonelo.io\/wp-content\/uploads\/2023\/04\/pexels-roman-odintsov-6897341-768x512.jpg 768w, https:\/\/marketing.harmonelo.io\/wp-content\/uploads\/2023\/04\/pexels-roman-odintsov-6897341-1536x1024.jpg 1536w, https:\/\/marketing.harmonelo.io\/wp-content\/uploads\/2023\/04\/pexels-roman-odintsov-6897341-2048x1365.jpg 2048w, https:\/\/marketing.harmonelo.io\/wp-content\/uploads\/2023\/04\/pexels-roman-odintsov-6897341-18x12.jpg 18w\" sizes=\"auto, (max-width: 1024px) 100vw, 1024px\" \/><\/figure>\n\n<h1 class=\"wp-block-heading has-text-align-center\">Womit k\u00f6nnen Sie die Kinder dieses Jahr \u00fcberraschen? \ud83d\udca1<\/h1>\n\n<p class=\"has-text-align-center\">In diesem Jahr k\u00f6nnen Sie Ihre S\u00fc\u00dfigkeitensammler mit einer originellen Geste verbl\u00fcffen. Anstelle von dekorativen Eiern, einem Schokoladenhasen oder einem ehrlichen Schuss selbstgemachten Sliwowitz k\u00f6nnen Sie Ihrem Besucher die empfohlene Tagesmenge eines unserer fl\u00fcssigen Nahrungserg\u00e4nzungsmittel anbieten. Besonders diejenigen, die noch nicht in den Genuss von Harmonelo gekommen sind, werden <mark style=\"background-color:rgba(0, 0, 0, 0)\" class=\"has-inline-color has-primary-color\">begeistert<\/mark> sein <mark style=\"background-color:rgba(0, 0, 0, 0)\" class=\"has-inline-color has-primary-color\">!<\/mark><\/p>\n\n<figure class=\"wp-block-image size-large\"><img loading=\"lazy\" decoding=\"async\" width=\"1024\" height=\"1024\" src=\"https:\/\/marketing.harmonelo.io\/wp-content\/uploads\/2023\/04\/37-1024x1024.jpg\" alt=\"\" class=\"wp-image-1245903\" srcset=\"https:\/\/marketing.harmonelo.io\/wp-content\/uploads\/2023\/04\/37-1024x1024.jpg 1024w, https:\/\/marketing.harmonelo.io\/wp-content\/uploads\/2023\/04\/37-300x300.jpg 300w, https:\/\/marketing.harmonelo.io\/wp-content\/uploads\/2023\/04\/37-150x150.jpg 150w, https:\/\/marketing.harmonelo.io\/wp-content\/uploads\/2023\/04\/37-768x768.jpg 768w, https:\/\/marketing.harmonelo.io\/wp-content\/uploads\/2023\/04\/37-12x12.jpg 12w, https:\/\/marketing.harmonelo.io\/wp-content\/uploads\/2023\/04\/37.jpg 1200w\" sizes=\"auto, (max-width: 1024px) 100vw, 1024px\" \/><\/figure>\n\n<div class=\"wp-block-buttons is-content-justification-center is-layout-flex wp-container-core-buttons-is-layout-a89b3969 wp-block-buttons-is-layout-flex\">\n<div class=\"wp-block-button\"><a class=\"wp-block-button__link wp-element-button\" href=\"https:\/\/harmonelo.com\/harmonelo-life-d512\/\" target=\"_blank\" rel=\"noreferrer noopener\">VERSUCHEN SIE ES MIT HARMONELO LIFE<\/a><\/div>\n<\/div>\n\n<p class=\"has-text-align-center\">Sein angenehmer und ausgewogener Geschmack wird so manchen Trick-or-Treater \u00fcberzeugen.  <\/p>\n\n<p class=\"has-text-align-center has-large-font-size\">\ud83d\udc9b\ud83d\udc9c\ud83d\udc9a<\/p>\n","protected":false},"excerpt":{"rendered":"<p>\ud83d\udc9b\ud83d\udc9c\ud83d\udc9a Ostern ist da! Aus diesem Grund haben wir eine Sonderausgabe zum Thema Ostern vorbereitet. Wissen Sie, wie lange man gekochte Eier aufbewahrt? Wie kann man zu Hause selbst Eier f\u00e4rben und dabei nat\u00fcrliche Bestandteile verwenden? Womit k\u00f6nnen Sie die Kinder dieses Jahr \u00fcberraschen? Dies und vieles mehr k\u00f6nnen Sie in diesem Beitrag nachlesen. Wie [&hellip;]<\/p>\n","protected":false},"author":5,"featured_media":0,"parent":0,"menu_order":0,"comment_status":"closed","ping_status":"closed","template":"","meta":{"_eb_attr":"","footnotes":""},"class_list":["post-1804884","page","type-page","status-publish","hentry"],"_links":{"self":[{"href":"https:\/\/marketing.harmonelo.io\/de\/wp-json\/wp\/v2\/pages\/1804884","targetHints":{"allow":["GET"]}}],"collection":[{"href":"https:\/\/marketing.harmonelo.io\/de\/wp-json\/wp\/v2\/pages"}],"about":[{"href":"https:\/\/marketing.harmonelo.io\/de\/wp-json\/wp\/v2\/types\/page"}],"author":[{"embeddable":true,"href":"https:\/\/marketing.harmonelo.io\/de\/wp-json\/wp\/v2\/users\/5"}],"replies":[{"embeddable":true,"href":"https:\/\/marketing.harmonelo.io\/de\/wp-json\/wp\/v2\/comments?post=1804884"}],"version-history":[{"count":1,"href":"https:\/\/marketing.harmonelo.io\/de\/wp-json\/wp\/v2\/pages\/1804884\/revisions"}],"predecessor-version":[{"id":1804887,"href":"https:\/\/marketing.harmonelo.io\/de\/wp-json\/wp\/v2\/pages\/1804884\/revisions\/1804887"}],"wp:attachment":[{"href":"https:\/\/marketing.harmonelo.io\/de\/wp-json\/wp\/v2\/media?parent=1804884"}],"curies":[{"name":"wp","href":"https:\/\/api.w.org\/{rel}","templated":true}]}}