{"id":1804750,"date":"2023-04-12T10:59:49","date_gmt":"2023-04-12T08:59:49","guid":{"rendered":"https:\/\/marketing.harmonelo.io\/%e2%9c%a8-muesli-das-ihr-mikrobiom-lieben-wird\/"},"modified":"2024-02-26T22:56:16","modified_gmt":"2024-02-26T21:56:16","slug":"%e2%9c%a8-muesli-das-ihr-mikrobiom-lieben-wird","status":"publish","type":"page","link":"https:\/\/marketing.harmonelo.io\/de\/%e2%9c%a8-muesli-das-ihr-mikrobiom-lieben-wird\/","title":{"rendered":"\u2728 M\u00fcsli, das Ihr Mikrobiom lieben wird"},"content":{"rendered":"\n<figure class=\"wp-block-image size-large\"><img loading=\"lazy\" decoding=\"async\" width=\"1024\" height=\"1024\" src=\"https:\/\/marketing.harmonelo.io\/wp-content\/uploads\/2023\/04\/version1uuidD5F9E477-ACC1-4087-ACFD-1B70E5597FBAmodecompatiblenoloc0.jpeg-1024x1024.jpg\" alt=\"\" class=\"wp-image-1333216\" srcset=\"https:\/\/marketing.harmonelo.io\/wp-content\/uploads\/2023\/04\/version1uuidD5F9E477-ACC1-4087-ACFD-1B70E5597FBAmodecompatiblenoloc0.jpeg-1024x1024.jpg 1024w, https:\/\/marketing.harmonelo.io\/wp-content\/uploads\/2023\/04\/version1uuidD5F9E477-ACC1-4087-ACFD-1B70E5597FBAmodecompatiblenoloc0.jpeg-300x300.jpg 300w, https:\/\/marketing.harmonelo.io\/wp-content\/uploads\/2023\/04\/version1uuidD5F9E477-ACC1-4087-ACFD-1B70E5597FBAmodecompatiblenoloc0.jpeg-150x150.jpg 150w, https:\/\/marketing.harmonelo.io\/wp-content\/uploads\/2023\/04\/version1uuidD5F9E477-ACC1-4087-ACFD-1B70E5597FBAmodecompatiblenoloc0.jpeg-768x768.jpg 768w, https:\/\/marketing.harmonelo.io\/wp-content\/uploads\/2023\/04\/version1uuidD5F9E477-ACC1-4087-ACFD-1B70E5597FBAmodecompatiblenoloc0.jpeg-12x12.jpg 12w, https:\/\/marketing.harmonelo.io\/wp-content\/uploads\/2023\/04\/version1uuidD5F9E477-ACC1-4087-ACFD-1B70E5597FBAmodecompatiblenoloc0.jpeg.jpg 1200w\" sizes=\"auto, (max-width: 1024px) 100vw, 1024px\" \/><\/figure>\n\n<p><\/p>\n\n<h2 class=\"wp-block-heading\">\ud83d\udd38Zutaten:<\/h2>\n\n<ul class=\"wp-block-list\">\n<li>4 \u00c4pfel (ungesch\u00e4lt, in kleinere St\u00fccke geschnitten)<\/li>\n\n\n\n<li>2 Tassen unges\u00fc\u00dfter Kefir<\/li>\n\n\n\n<li>1\/2 Tasse Getreideflocken<\/li>\n\n\n\n<li>1\/4 Tasse gehackte N\u00fcsse<\/li>\n\n\n\n<li>2 Essl\u00f6ffel gemahlene Leinsamen<\/li>\n\n\n\n<li>2 Essl\u00f6ffel Zitronensaft<\/li>\n\n\n\n<li>1\/4 Teel\u00f6ffel Muskatnuss<\/li>\n\n\n\n<li>1\/4 Teel\u00f6ffel Salz<\/li>\n\n\n\n<li>Zichoriensirup zum Aromatisieren<\/li>\n\n\n\n<li>20 ml Harmonelo Vitalit\u00e4t<\/li>\n<\/ul>\n\n<h2 class=\"wp-block-heading\">\ud83d\udd38Fortschritt:  <\/h2>\n\n<ul class=\"wp-block-list\">\n<li>Die zerkleinerten \u00c4pfel mit Kefir, Flocken, N\u00fcssen, Leinsamen, Zitronensaft, Muskatnuss, Salz und Harmonel Vitality mischen. \u00dcber Nacht im K\u00fchlschrank aufbewahren. Leicht mit Zichoriensirup betr\u00e4ufelt servieren.<\/li>\n<\/ul>\n\n<p><strong><mark style=\"background-color:rgba(0, 0, 0, 0)\" class=\"has-inline-color has-primary-color\">\ud83d\udca1Das so<em>zubereitete M\u00fcsli h\u00e4lt sich mehrere Tage im K\u00fchlschrank!<\/em><\/mark><\/strong><\/p>\n\n<p class=\"has-text-align-center\">Machen wir es mit Elan! Ich hoffe, dieses zeitsparende und ern\u00e4hrungsphysiologisch ausgewogene Fr\u00fchst\u00fcck hat Ihren Tag verbessert \ud83c\udf1e.<\/p>\n\n<div class=\"wp-block-buttons is-content-justification-center is-layout-flex wp-container-core-buttons-is-layout-a89b3969 wp-block-buttons-is-layout-flex\">\n<div class=\"wp-block-button\"><a class=\"wp-block-button__link has-text-align-center wp-element-button\" href=\"https:\/\/harmonelo.com\/harmonelo-vitality-d513\/\" target=\"_blank\" rel=\"noreferrer noopener\">ICH INTERESSIERE MICH F\u00dcR DAS HARMONELO VITALITY<\/a><\/div>\n<\/div>\n","protected":false},"excerpt":{"rendered":"<p>\ud83d\udd38Zutaten: \ud83d\udd38Fortschritt: \ud83d\udca1Das sozubereitete M\u00fcsli h\u00e4lt sich mehrere Tage im K\u00fchlschrank! Machen wir es mit Elan! Ich hoffe, dieses zeitsparende und ern\u00e4hrungsphysiologisch ausgewogene Fr\u00fchst\u00fcck hat Ihren Tag verbessert \ud83c\udf1e.<\/p>\n","protected":false},"author":5,"featured_media":0,"parent":0,"menu_order":0,"comment_status":"closed","ping_status":"closed","template":"","meta":{"_eb_attr":"","footnotes":""},"class_list":["post-1804750","page","type-page","status-publish","hentry"],"_links":{"self":[{"href":"https:\/\/marketing.harmonelo.io\/de\/wp-json\/wp\/v2\/pages\/1804750","targetHints":{"allow":["GET"]}}],"collection":[{"href":"https:\/\/marketing.harmonelo.io\/de\/wp-json\/wp\/v2\/pages"}],"about":[{"href":"https:\/\/marketing.harmonelo.io\/de\/wp-json\/wp\/v2\/types\/page"}],"author":[{"embeddable":true,"href":"https:\/\/marketing.harmonelo.io\/de\/wp-json\/wp\/v2\/users\/5"}],"replies":[{"embeddable":true,"href":"https:\/\/marketing.harmonelo.io\/de\/wp-json\/wp\/v2\/comments?post=1804750"}],"version-history":[{"count":1,"href":"https:\/\/marketing.harmonelo.io\/de\/wp-json\/wp\/v2\/pages\/1804750\/revisions"}],"predecessor-version":[{"id":1804754,"href":"https:\/\/marketing.harmonelo.io\/de\/wp-json\/wp\/v2\/pages\/1804750\/revisions\/1804754"}],"wp:attachment":[{"href":"https:\/\/marketing.harmonelo.io\/de\/wp-json\/wp\/v2\/media?parent=1804750"}],"curies":[{"name":"wp","href":"https:\/\/api.w.org\/{rel}","templated":true}]}}