{"id":1804686,"date":"2023-04-17T17:00:32","date_gmt":"2023-04-17T15:00:32","guid":{"rendered":"https:\/\/marketing.harmonelo.io\/wie-macht-man-eine-traumfigur\/"},"modified":"2024-02-26T22:54:09","modified_gmt":"2024-02-26T21:54:09","slug":"wie-macht-man-eine-traumfigur","status":"publish","type":"page","link":"https:\/\/marketing.harmonelo.io\/de\/wie-macht-man-eine-traumfigur\/","title":{"rendered":"WIE MACHT MAN EINE TRAUMFIGUR?"},"content":{"rendered":"\n<p class=\"has-text-align-center\">Die Erstellung deiner Traumfigur muss nicht so aufw\u00e4ndig sein, wie es zun\u00e4chst scheint. Es ist wichtig, daran zu denken, dass jeder Schritt z\u00e4hlt!  <\/p>\n\n<figure class=\"wp-block-image size-large\"><img loading=\"lazy\" decoding=\"async\" width=\"1024\" height=\"683\" src=\"https:\/\/marketing.harmonelo.io\/wp-content\/uploads\/2023\/04\/pexels-karolina-grabowska-4498606-1024x683.jpg\" alt=\"\" class=\"wp-image-1420303\" srcset=\"https:\/\/marketing.harmonelo.io\/wp-content\/uploads\/2023\/04\/pexels-karolina-grabowska-4498606-1024x683.jpg 1024w, https:\/\/marketing.harmonelo.io\/wp-content\/uploads\/2023\/04\/pexels-karolina-grabowska-4498606-300x200.jpg 300w, https:\/\/marketing.harmonelo.io\/wp-content\/uploads\/2023\/04\/pexels-karolina-grabowska-4498606-768x512.jpg 768w, https:\/\/marketing.harmonelo.io\/wp-content\/uploads\/2023\/04\/pexels-karolina-grabowska-4498606-1536x1024.jpg 1536w, https:\/\/marketing.harmonelo.io\/wp-content\/uploads\/2023\/04\/pexels-karolina-grabowska-4498606-2048x1365.jpg 2048w, https:\/\/marketing.harmonelo.io\/wp-content\/uploads\/2023\/04\/pexels-karolina-grabowska-4498606-18x12.jpg 18w\" sizes=\"auto, (max-width: 1024px) 100vw, 1024px\" \/><\/figure>\n\n<h2 class=\"wp-block-heading has-text-align-center\">\ud83d\udccc Kleinere Schritte = die Basis f\u00fcr den Erfolg<\/h2>\n\n<p class=\"has-text-align-center\">Es ist zwar sch\u00f6n, die besten Ergebnisse zu erzielen, aber es ist wichtig zu bedenken, dass <mark style=\"background-color:rgba(0, 0, 0, 0)\" class=\"has-inline-color has-primary-color\">START<\/mark> selbst ziemlich schnell und leicht ausbrennen kann.<\/p>\n\n<h2 class=\"wp-block-heading has-text-align-center\">\ud83d\udccc Nachhaltiger Wandel<\/h2>\n\n<p class=\"has-text-align-center\">Nachhaltigkeit als Schl\u00fcssel zum Erfolg ist nicht nur bei der Ern\u00e4hrung, sondern auch im Sport wichtig. Daher ist es wichtig, sich auf das zu konzentrieren, was auf lange Sicht <mark style=\"background-color:rgba(0, 0, 0, 0)\" class=\"has-inline-color has-primary-color\">nachhaltig<\/mark> ist.<\/p>\n\n<figure class=\"wp-block-image size-large\"><img loading=\"lazy\" decoding=\"async\" width=\"1024\" height=\"684\" src=\"https:\/\/marketing.harmonelo.io\/wp-content\/uploads\/2023\/04\/pexels-tirachard-kumtanom-347134-1024x684.jpg\" alt=\"\" class=\"wp-image-1420301\" srcset=\"https:\/\/marketing.harmonelo.io\/wp-content\/uploads\/2023\/04\/pexels-tirachard-kumtanom-347134-1024x684.jpg 1024w, https:\/\/marketing.harmonelo.io\/wp-content\/uploads\/2023\/04\/pexels-tirachard-kumtanom-347134-300x200.jpg 300w, https:\/\/marketing.harmonelo.io\/wp-content\/uploads\/2023\/04\/pexels-tirachard-kumtanom-347134-768x513.jpg 768w, https:\/\/marketing.harmonelo.io\/wp-content\/uploads\/2023\/04\/pexels-tirachard-kumtanom-347134-1536x1025.jpg 1536w, https:\/\/marketing.harmonelo.io\/wp-content\/uploads\/2023\/04\/pexels-tirachard-kumtanom-347134-2048x1367.jpg 2048w, https:\/\/marketing.harmonelo.io\/wp-content\/uploads\/2023\/04\/pexels-tirachard-kumtanom-347134-18x12.jpg 18w\" sizes=\"auto, (max-width: 1024px) 100vw, 1024px\" \/><\/figure>\n\n<h2 class=\"wp-block-heading has-text-align-center\">\ud83d\udccc Kleine Dinge, die nicht weh tun<\/h2>\n\n<p class=\"has-text-align-center\">Wie soll man anfangen? Sind Sie des Sports \u00fcberdr\u00fcssig oder haben Sie sogar eine Abneigung gegen ihn? Wie w\u00e4re es, wenn Sie ganz langsam anfangen? F\u00fcr den Anfang kann ein z\u00fcgiger Spaziergang in Ordnung sein. Sie k\u00f6nnen sowohl die Strecke als auch das Tempo schrittweise erh\u00f6hen.<em>  Fahren Sie mit dem Bus zur Arbeit?<\/em>  Steigen Sie 1-2 Haltestellen fr\u00fcher aus! Glauben Sie mir, selbst diese kleinen Ver\u00e4nderungen k\u00f6nnen viel bewirken.<\/p>\n\n<h2 class=\"wp-block-heading has-text-align-center\">\ud83d\udccc Es geht besser mit zwei<\/h2>\n\n<p class=\"has-text-align-center\">Es ist ganz nat\u00fcrlich, dass selbst die motiviertesten Menschen mit der Zeit ihre Motivation verlieren k\u00f6nnen. Deshalb ist es gut, einen<mark style=\"background-color:rgba(0, 0, 0, 0)\" class=\"has-inline-color has-primary-color\"> Partner<\/mark> zu haben, mit dem man sich gegenseitig motivieren und ermutigen kann.<\/p>\n\n<figure class=\"wp-block-image aligncenter size-large\"><img loading=\"lazy\" decoding=\"async\" width=\"1024\" height=\"683\" src=\"https:\/\/marketing.harmonelo.io\/wp-content\/uploads\/2023\/04\/pexels-andrea-piacquadio-3768722-1024x683.jpg\" alt=\"\" class=\"wp-image-1420302\" srcset=\"https:\/\/marketing.harmonelo.io\/wp-content\/uploads\/2023\/04\/pexels-andrea-piacquadio-3768722-1024x683.jpg 1024w, https:\/\/marketing.harmonelo.io\/wp-content\/uploads\/2023\/04\/pexels-andrea-piacquadio-3768722-300x200.jpg 300w, https:\/\/marketing.harmonelo.io\/wp-content\/uploads\/2023\/04\/pexels-andrea-piacquadio-3768722-768x512.jpg 768w, https:\/\/marketing.harmonelo.io\/wp-content\/uploads\/2023\/04\/pexels-andrea-piacquadio-3768722-1536x1024.jpg 1536w, https:\/\/marketing.harmonelo.io\/wp-content\/uploads\/2023\/04\/pexels-andrea-piacquadio-3768722-2048x1365.jpg 2048w, https:\/\/marketing.harmonelo.io\/wp-content\/uploads\/2023\/04\/pexels-andrea-piacquadio-3768722-18x12.jpg 18w\" sizes=\"auto, (max-width: 1024px) 100vw, 1024px\" \/><\/figure>\n\n<h2 class=\"wp-block-heading has-text-align-center\">\ud83d\udccc Neue Dinge ausprobieren  <\/h2>\n\n<p class=\"has-text-align-center\">Manchmal kann es nicht schaden, aus der eigenen Komfortzone herauszutreten. Versuchen Sie, sich f\u00fcr eine Unterrichtsstunde in einem Bereich anzumelden, an den Sie vorher nicht gedacht h\u00e4tten. Dann k\u00f6nnen Sie selbst besser beurteilen, welche Sportart Ihnen mehr zusagt und welche nicht.<\/p>\n\n<h2 class=\"wp-block-heading has-text-align-center\">Beginnen Sie noch heute!<\/h2>\n\n<p class=\"has-text-align-center\">Eines unserer einzigartigen Produkte kann auch ein gro\u00dfartiger Partner sein!<\/p>\n\n<div class=\"wp-block-buttons is-content-justification-center is-layout-flex wp-container-core-buttons-is-layout-a89b3969 wp-block-buttons-is-layout-flex\">\n<div class=\"wp-block-button\"><a class=\"wp-block-button__link has-text-align-center wp-element-button\" href=\"https:\/\/harmonelo.com\/harmonelo-slim-d596\/\" target=\"_blank\" rel=\"noreferrer noopener\">ICH W\u00c4HLE HARMONELO SLIM<\/a><\/div>\n<\/div>\n\n<div class=\"wp-block-buttons is-content-justification-center is-layout-flex wp-container-core-buttons-is-layout-a89b3969 wp-block-buttons-is-layout-flex\">\n<div class=\"wp-block-button\"><a class=\"wp-block-button__link has-text-align-center wp-element-button\" href=\"https:\/\/catalog.harmonelo.com\/produkty\/slim\" target=\"_blank\" rel=\"noreferrer noopener\">WARUM HARMONELO SLIM?<\/a><\/div>\n<\/div>\n\n<p class=\"has-text-align-center has-x-large-font-size\">\ud83e\udd38\ud83e\uddd8\u200d\u2642\ufe0f\ud83c\udfc4\u200d\u2640\ufe0f<\/p>\n","protected":false},"excerpt":{"rendered":"<p>Die Erstellung deiner Traumfigur muss nicht so aufw\u00e4ndig sein, wie es zun\u00e4chst scheint. Es ist wichtig, daran zu denken, dass jeder Schritt z\u00e4hlt! \ud83d\udccc Kleinere Schritte = die Basis f\u00fcr den Erfolg Es ist zwar sch\u00f6n, die besten Ergebnisse zu erzielen, aber es ist wichtig zu bedenken, dass START selbst ziemlich schnell und leicht ausbrennen [&hellip;]<\/p>\n","protected":false},"author":5,"featured_media":0,"parent":0,"menu_order":0,"comment_status":"closed","ping_status":"closed","template":"","meta":{"_eb_attr":"","footnotes":""},"class_list":["post-1804686","page","type-page","status-publish","hentry"],"_links":{"self":[{"href":"https:\/\/marketing.harmonelo.io\/de\/wp-json\/wp\/v2\/pages\/1804686","targetHints":{"allow":["GET"]}}],"collection":[{"href":"https:\/\/marketing.harmonelo.io\/de\/wp-json\/wp\/v2\/pages"}],"about":[{"href":"https:\/\/marketing.harmonelo.io\/de\/wp-json\/wp\/v2\/types\/page"}],"author":[{"embeddable":true,"href":"https:\/\/marketing.harmonelo.io\/de\/wp-json\/wp\/v2\/users\/5"}],"replies":[{"embeddable":true,"href":"https:\/\/marketing.harmonelo.io\/de\/wp-json\/wp\/v2\/comments?post=1804686"}],"version-history":[{"count":1,"href":"https:\/\/marketing.harmonelo.io\/de\/wp-json\/wp\/v2\/pages\/1804686\/revisions"}],"predecessor-version":[{"id":1804688,"href":"https:\/\/marketing.harmonelo.io\/de\/wp-json\/wp\/v2\/pages\/1804686\/revisions\/1804688"}],"wp:attachment":[{"href":"https:\/\/marketing.harmonelo.io\/de\/wp-json\/wp\/v2\/media?parent=1804686"}],"curies":[{"name":"wp","href":"https:\/\/api.w.org\/{rel}","templated":true}]}}