{"id":1800980,"date":"2022-12-29T22:32:55","date_gmt":"2022-12-29T21:32:55","guid":{"rendered":"https:\/\/marketing.harmonelo.io\/udalosti\/mista-konani\/"},"modified":"2024-03-01T17:05:33","modified_gmt":"2024-03-01T16:05:33","slug":"mista-konani","status":"publish","type":"page","link":"https:\/\/marketing.harmonelo.io\/cz\/udalosti\/mista-konani\/","title":{"rendered":"M\u00edsta kon\u00e1n\u00ed"},"content":{"rendered":"<p>CONTENTS<\/p>\n","protected":false},"excerpt":{"rendered":"<p>CONTENTS<\/p>\n","protected":false},"author":2,"featured_media":0,"parent":1800979,"menu_order":0,"comment_status":"closed","ping_status":"open","template":"","meta":{"_eb_attr":"","footnotes":""},"class_list":["post-1800980","page","type-page","status-publish","hentry"],"_links":{"self":[{"href":"https:\/\/marketing.harmonelo.io\/cz\/wp-json\/wp\/v2\/pages\/1800980","targetHints":{"allow":["GET"]}}],"collection":[{"href":"https:\/\/marketing.harmonelo.io\/cz\/wp-json\/wp\/v2\/pages"}],"about":[{"href":"https:\/\/marketing.harmonelo.io\/cz\/wp-json\/wp\/v2\/types\/page"}],"author":[{"embeddable":true,"href":"https:\/\/marketing.harmonelo.io\/cz\/wp-json\/wp\/v2\/users\/2"}],"replies":[{"embeddable":true,"href":"https:\/\/marketing.harmonelo.io\/cz\/wp-json\/wp\/v2\/comments?post=1800980"}],"version-history":[{"count":1,"href":"https:\/\/marketing.harmonelo.io\/cz\/wp-json\/wp\/v2\/pages\/1800980\/revisions"}],"predecessor-version":[{"id":1806281,"href":"https:\/\/marketing.harmonelo.io\/cz\/wp-json\/wp\/v2\/pages\/1800980\/revisions\/1806281"}],"up":[{"embeddable":true,"href":"https:\/\/marketing.harmonelo.io\/cz\/wp-json\/wp\/v2\/pages\/1800979"}],"wp:attachment":[{"href":"https:\/\/marketing.harmonelo.io\/cz\/wp-json\/wp\/v2\/media?parent=1800980"}],"curies":[{"name":"wp","href":"https:\/\/api.w.org\/{rel}","templated":true}]}}