{"id":1800968,"date":"2023-01-20T20:10:46","date_gmt":"2023-01-20T19:10:46","guid":{"rendered":"https:\/\/marketing.harmonelo.io\/cz-sk-webinare\/"},"modified":"2026-03-18T03:55:47","modified_gmt":"2026-03-18T02:55:47","slug":"cz-sk-webinare","status":"publish","type":"page","link":"https:\/\/marketing.harmonelo.io\/cz\/cz-sk-webinare\/","title":{"rendered":"CZ + SK webin\u00e1\u0159e"},"content":{"rendered":"\n<h1 class=\"wp-block-heading has-text-align-center\"><em>Z\u00c1ZNAMY ODBORN\u00ddCH LIVESTREAM\u016e, KTER\u00c9 JI\u017d PROB\u011aHLY, NAJDETE V OFFICE (80+ PV)<\/em><\/h1>\n\n\n\n<figure class=\"wp-block-image size-large\"><a href=\"https:\/\/harmonelo.com\/office\/vimeo.php\" target=\"_blank\" rel=\"noreferrer noopener\"><img loading=\"lazy\" decoding=\"async\" width=\"1024\" height=\"479\" src=\"https:\/\/marketing.harmonelo.io\/wp-content\/uploads\/2023\/07\/Snimek-obrazovky-2023-07-01-v-18.20.11-1024x479.png\" alt=\"\" class=\"wp-image-1765311\" srcset=\"https:\/\/marketing.harmonelo.io\/wp-content\/uploads\/2023\/07\/Snimek-obrazovky-2023-07-01-v-18.20.11-1024x479.png 1024w, https:\/\/marketing.harmonelo.io\/wp-content\/uploads\/2023\/07\/Snimek-obrazovky-2023-07-01-v-18.20.11-300x140.png 300w, https:\/\/marketing.harmonelo.io\/wp-content\/uploads\/2023\/07\/Snimek-obrazovky-2023-07-01-v-18.20.11-768x359.png 768w, https:\/\/marketing.harmonelo.io\/wp-content\/uploads\/2023\/07\/Snimek-obrazovky-2023-07-01-v-18.20.11-18x8.png 18w, https:\/\/marketing.harmonelo.io\/wp-content\/uploads\/2023\/07\/Snimek-obrazovky-2023-07-01-v-18.20.11.png 1103w\" sizes=\"auto, (max-width: 1024px) 100vw, 1024px\" \/><\/a><\/figure>\n\n\n\n<hr class=\"wp-block-separator has-alpha-channel-opacity is-style-wide\"\/>\n\n\n\n<hr class=\"wp-block-separator has-alpha-channel-opacity is-style-wide\"\/>\n\n\n\n<h1 class=\"wp-block-heading has-text-align-center\">KOMPENZA\u010cN\u00cd PL\u00c1N HARMONELO, KTER\u00dd UMO\u017dNIL 100+ MILION\u00c1\u0158\u016e<\/h1>\n\n\n\n<p class=\"has-text-align-center\"><br><em>V\u00edte jak funguje?<br>Pro\u010d je nej\u0161t\u011bd\u0159ej\u0161\u00ed a nejvyv\u00e1\u017een\u011bj\u0161\u00ed?<br>Kde se bere v\u0161echen ten profit?<br>Jak se spr\u00e1vn\u011b stav\u00ed s\u00ed\u0165 Harmonelo?<br>Pro\u010d se vyplat\u00ed podnikat v Harmonelo?<\/em><\/p>\n\n\n\n<figure class=\"wp-block-image size-large\"><img loading=\"lazy\" decoding=\"async\" width=\"1024\" height=\"576\" src=\"https:\/\/marketing.harmonelo.io\/wp-content\/uploads\/2026\/03\/foto-1024x576.jpeg\" alt=\"\" class=\"wp-image-1837150\" srcset=\"https:\/\/marketing.harmonelo.io\/wp-content\/uploads\/2026\/03\/foto-1024x576.jpeg 1024w, https:\/\/marketing.harmonelo.io\/wp-content\/uploads\/2026\/03\/foto-300x169.jpeg 300w, https:\/\/marketing.harmonelo.io\/wp-content\/uploads\/2026\/03\/foto-768x432.jpeg 768w, https:\/\/marketing.harmonelo.io\/wp-content\/uploads\/2026\/03\/foto-1536x864.jpeg 1536w, https:\/\/marketing.harmonelo.io\/wp-content\/uploads\/2026\/03\/foto.jpeg 1600w\" sizes=\"auto, (max-width: 1024px) 100vw, 1024px\" \/><\/figure>\n\n\n\n<p class=\"has-text-align-center has-small-font-size\">To v\u0161e bude dobr\u00e9 p\u0159ipomenout si v nov\u00e9m \u0161kolen\u00ed MARKETINGU HARMONELO v ned\u011bli<strong><mark style=\"background-color:rgba(0, 0, 0, 0);color:#bc9763\" class=\"has-inline-color\"> 22.3. od 20:00 v na\u0161em Office na Harmonelo <\/mark><\/strong><mark style=\"background-color:rgba(0, 0, 0, 0);color:#bc9763\" class=\"has-inline-color\"><strong>TV<\/strong>:<\/mark><\/p>\n\n\n\n<figure class=\"wp-block-image size-large\"><img loading=\"lazy\" decoding=\"async\" width=\"1024\" height=\"515\" src=\"https:\/\/marketing.harmonelo.io\/wp-content\/uploads\/2026\/03\/harmonelo-tv-1024x515.jpeg\" alt=\"\" class=\"wp-image-1837176\" srcset=\"https:\/\/marketing.harmonelo.io\/wp-content\/uploads\/2026\/03\/harmonelo-tv-1024x515.jpeg 1024w, https:\/\/marketing.harmonelo.io\/wp-content\/uploads\/2026\/03\/harmonelo-tv-300x151.jpeg 300w, https:\/\/marketing.harmonelo.io\/wp-content\/uploads\/2026\/03\/harmonelo-tv-768x386.jpeg 768w, https:\/\/marketing.harmonelo.io\/wp-content\/uploads\/2026\/03\/harmonelo-tv-1536x773.jpeg 1536w, https:\/\/marketing.harmonelo.io\/wp-content\/uploads\/2026\/03\/harmonelo-tv.jpeg 1600w\" sizes=\"auto, (max-width: 1024px) 100vw, 1024px\" \/><\/figure>\n\n\n\n<p class=\"has-text-align-center\"><a href=\"https:\/\/harmonelo.com\/cs\/office\/education\/harmonelo-tv\">https:\/\/harmonelo.com\/cs\/office\/education\/harmonelo-tv<\/a><\/p>\n\n\n\n<p class=\"has-text-align-center has-small-font-size\">Napojte si sebe, ale i celou svoji skupinu, pokud chcete v lidech ve Va\u0161em t\u00fdmu probudit podnikatelsk\u00e9ho a budovatelsk\u00e9ho ducha!<\/p>\n\n\n\n<hr class=\"wp-block-separator has-alpha-channel-opacity is-style-wide\"\/>\n\n\n\n<hr class=\"wp-block-separator has-alpha-channel-opacity is-style-wide\"\/>\n\n\n\n<h1 class=\"wp-block-heading has-text-align-center\"><em>Z\u00c1ZNAM Z NOVORO\u010cN\u00cdHO VYS\u00cdL\u00c1N\u00cd S MICHALEM KARMAZ\u00cdNEM!<\/em><\/h1>\n\n\n\n<hr class=\"wp-block-separator has-alpha-channel-opacity\"\/>\n\n\n\n<figure class=\"wp-block-embed is-type-video is-provider-youtube wp-block-embed-youtube wp-embed-aspect-16-9 wp-has-aspect-ratio\"><div class=\"wp-block-embed__wrapper\">\n<iframe loading=\"lazy\" title=\"PF 2026 \u2013 Michal Karmazin | Partner Harmonelo | CZ &amp; EN Message\" width=\"500\" height=\"281\" src=\"https:\/\/www.youtube.com\/embed\/uEpgs01oeeE?start=1&#038;feature=oembed\" frameborder=\"0\" allow=\"accelerometer; autoplay; clipboard-write; encrypted-media; gyroscope; picture-in-picture; web-share\" referrerpolicy=\"strict-origin-when-cross-origin\" allowfullscreen><\/iframe>\n<\/div><\/figure>\n\n\n\n<hr class=\"wp-block-separator has-alpha-channel-opacity is-style-wide\"\/>\n\n\n\n<hr class=\"wp-block-separator has-alpha-channel-opacity is-style-wide\"\/>\n\n\n\n<h1 class=\"wp-block-heading has-text-align-center\" style=\"margin-top:var(--wp--preset--spacing--medium);margin-right:var(--wp--preset--spacing--medium);margin-bottom:var(--wp--preset--spacing--medium);margin-left:var(--wp--preset--spacing--medium)\"><em>KURZ MLM JINAK &#8211; 8 KROK\u016e JAK SE STAV\u00cd S\u00cd\u0164 (MLM BIBLE OD &#8222;A&#8220; DO &#8222;Z&#8220;)<\/em><\/h1>\n\n\n\n<figure class=\"wp-block-image size-large\"><a href=\"https:\/\/youtu.be\/adfCGON5Wkw\" target=\"_blank\" rel=\"noreferrer noopener\"><img loading=\"lazy\" decoding=\"async\" width=\"1024\" height=\"573\" src=\"https:\/\/marketing.harmonelo.io\/wp-content\/uploads\/2023\/01\/Snimek-obrazovky-2023-01-20-v-21.28.07-1024x573.png\" alt=\"\" class=\"wp-image-245076\" srcset=\"https:\/\/marketing.harmonelo.io\/wp-content\/uploads\/2023\/01\/Snimek-obrazovky-2023-01-20-v-21.28.07-1024x573.png 1024w, https:\/\/marketing.harmonelo.io\/wp-content\/uploads\/2023\/01\/Snimek-obrazovky-2023-01-20-v-21.28.07-300x168.png 300w, https:\/\/marketing.harmonelo.io\/wp-content\/uploads\/2023\/01\/Snimek-obrazovky-2023-01-20-v-21.28.07-768x430.png 768w, https:\/\/marketing.harmonelo.io\/wp-content\/uploads\/2023\/01\/Snimek-obrazovky-2023-01-20-v-21.28.07-18x10.png 18w, https:\/\/marketing.harmonelo.io\/wp-content\/uploads\/2023\/01\/Snimek-obrazovky-2023-01-20-v-21.28.07.png 1437w\" sizes=\"auto, (max-width: 1024px) 100vw, 1024px\" \/><\/a><\/figure>\n\n\n\n<h2 class=\"wp-block-heading has-text-align-center\">Co V\u00e1s nau\u010d\u00ed tento 11-ti hodinov\u00fd video kurz?<\/h2>\n\n\n\n<h2 class=\"wp-block-heading has-text-align-center\">(8 z\u00e1kladn\u00edch MLM krok\u016f):<\/h2>\n\n\n\n<ol class=\"wp-block-list\">\n<li>Pro\u010d je dnes MLM jednou z m\u00e1la \u0161anc\u00ed pro v\u011bt\u0161inu lid\u00ed<\/li>\n\n\n\n<li>Jak nastavit spr\u00e1vn\u00e9 o\u010dek\u00e1v\u00e1n\u00ed \/ strategii<\/li>\n\n\n\n<li>Kde br\u00e1t ty spr\u00e1vn\u00e9 kontakty a tak, aby n\u00e1m nedo\u0161ly<\/li>\n\n\n\n<li>Jak spr\u00e1vn\u011b oslovit studen\u00e9, tepl\u00e9 kontakty, p\u0159\u00edklady<\/li>\n\n\n\n<li>Jak spr\u00e1vn\u011b prezentovat p\u0159\u00edle\u017eitost i produkty<\/li>\n\n\n\n<li>Jak dotahovat kontakty po prezentaci BEZ n\u00e1tlaku<\/li>\n\n\n\n<li>Jak zau\u010dit nov\u00e1\u010dky, jak spr\u00e1vn\u011b odstartovat, co jak d\u011blat<\/li>\n\n\n\n<li>Jak stav\u011bt s\u00ed\u0165, aby do\u0161lo k duplikaci a neust\u00e1l\u00e9mu r\u016fstu?<\/li>\n<\/ol>\n\n\n\n<h3 class=\"wp-block-heading has-text-align-center\"><strong>Uk\u00e1zka z 1.modulu kurzu MLM JINAK: <\/strong><a href=\"https:\/\/youtu.be\/adfCGON5Wkw\"><strong>https:\/\/youtu.be\/adfCGON5Wkw<\/strong><\/a><\/h3>\n\n\n\n<p style=\"margin-top:0;margin-right:0;margin-bottom:0;margin-left:0\">Vyu\u017eijte tuto zkratku a postavte sv\u00e9 podnik\u00e1n\u00ed od za\u010d\u00e1tku dob\u0159e.<\/p>\n\n\n\n<p class=\"has-text-align-center\"><a href=\"https:\/\/harmonelo.com\/8-kroku-jak-vybudovat-mlm-sit-offline-a-online-11-hodin-know-how-d526\/\">U\u010dte se od \u00fasp\u011b\u0161n\u00fdch a vyu\u017eijte 11 hodin know-how<\/a> p\u0159\u00edmo od na\u0161eho obchodn\u00edho \u0159editele Michala Karmaz\u00edna.&nbsp;<\/p>\n\n\n\n<div class=\"wp-block-buttons is-content-justification-center is-layout-flex wp-container-core-buttons-is-layout-a89b3969 wp-block-buttons-is-layout-flex\">\n<div class=\"wp-block-button\"><a class=\"wp-block-button__link wp-element-button\" href=\"https:\/\/harmonelo.com\/8-kroku-jak-vybudovat-mlm-sit-offline-a-online-11-hodin-know-how-d526\/\" target=\"_blank\" rel=\"noreferrer noopener\">ANO, CHCI OVL\u00c1DNOUT UM\u011aN\u00cd MLM<\/a><\/div>\n<\/div>\n\n\n\n<hr class=\"wp-block-separator has-alpha-channel-opacity is-style-wide\"\/>\n\n\n\n<h1 class=\"wp-block-heading has-text-align-center\"><em>JAK SI VYBUDOVAT ST\u00c1L\u00dd P\u0158\u00cdJEM (P\u011aNEZOVOD)? <\/em><\/h1>\n\n\n\n<hr class=\"wp-block-separator has-alpha-channel-opacity\"\/>\n\n\n\n<h1 class=\"wp-block-heading has-text-align-center\">ODPOV\u011aD\u00cd JE MLM SYST\u00c9M!<\/h1>\n\n\n\n<p class=\"has-text-align-center\">Harmonelo je o<mark style=\"background-color:rgba(0, 0, 0, 0)\" class=\"has-inline-color has-primary-color\"> vyv\u00e1\u017eenosti<\/mark> hned n\u011bkolika \u017eivotn\u00edch oblast\u00ed. Db\u00e1me na harmonizaci <mark style=\"background-color:rgba(0, 0, 0, 0)\" class=\"has-inline-color has-primary-color\">fyzick\u00e9ho<\/mark> i <mark style=\"background-color:rgba(0, 0, 0, 0)\" class=\"has-inline-color has-primary-color\">du\u0161evn\u00edho<\/mark> zdrav\u00ed, stejn\u011b tak i <mark style=\"background-color:rgba(0, 0, 0, 0)\" class=\"has-inline-color has-primary-color\">finan\u010dn\u00edho<\/mark>.<\/p>\n\n\n\n<p class=\"has-text-align-center\">M\u00e1te opravdu jedine\u010dnou mo\u017enost z\u00edskat mnoho cenn\u00fdch rad od na\u0161eho obchodn\u00edho \u0159editele <strong><mark style=\"background-color:rgba(0, 0, 0, 0)\" class=\"has-inline-color has-primary-color\">Michala Karmaz\u00edna,<\/mark><\/strong> kter\u00fd V\u00e1m porad\u00ed <mark style=\"background-color:rgba(0, 0, 0, 0)\" class=\"has-inline-color has-primary-color\">&#8222;jak na to&#8220;<\/mark> v jeho skv\u011bl\u00e9m <strong>MLM SYST\u00c9MU<\/strong>. Budete tak zase o krok bl\u00ed\u017e k FINAN\u010cN\u00cd NEZ\u00c1VISLOSTI. V\u011b\u0159te, \u017ee tento kurz stoj\u00ed za to.<\/p>\n\n\n\n<figure class=\"wp-block-embed is-type-video is-provider-youtube wp-block-embed-youtube wp-embed-aspect-16-9 wp-has-aspect-ratio\"><div class=\"wp-block-embed__wrapper\">\n<iframe loading=\"lazy\" title=\"MODUL 1\" width=\"500\" height=\"281\" src=\"https:\/\/www.youtube.com\/embed\/PuFtedaOfjE?feature=oembed\" frameborder=\"0\" allow=\"accelerometer; autoplay; clipboard-write; encrypted-media; gyroscope; picture-in-picture; web-share\" referrerpolicy=\"strict-origin-when-cross-origin\" allowfullscreen><\/iframe>\n<\/div><\/figure>\n\n\n\n<p class=\"has-text-align-center\">Zakoupit si jej m\u016f\u017eete ve sv\u00e9m <mark style=\"background-color:rgba(0, 0, 0, 0)\" class=\"has-inline-color has-primary-color\">e-shopu<\/mark>. Na nic ne\u010dekejte a za\u010dnete se vzd\u011bl\u00e1vat u\u017e <mark style=\"background-color:rgba(0, 0, 0, 0)\" class=\"has-inline-color has-primary-color\">DNES<\/mark>!<\/p>\n\n\n\n<p class=\"has-text-align-center\">Tahle skv\u011bl\u00e1 <mark style=\"background-color:rgba(0, 0, 0, 0)\" class=\"has-inline-color has-primary-color\">upout\u00e1vka<\/mark> byla otitulkov\u00e1na i do t\u011bchto jazyk\u016f:<\/p>\n\n\n\n<p class=\"has-text-align-center\">CZ, SK, EN, DE, HU, RO, IT, ES, FR, PL, BG, GR, RU<\/p>\n\n\n\n<p class=\"has-text-align-center\">Cel\u00fd kurz je bohu\u017eel zat\u00edm dostupn\u00fd pouze v CZ.<\/p>\n\n\n\n<h2 class=\"wp-block-heading has-text-align-center\">Co je vlastn\u011b &#8222;pen\u011bzovod&#8220;?<\/h2>\n\n\n\n<blockquote class=\"wp-block-quote has-text-align-center has-primary-background-color has-background is-layout-flow wp-block-quote-is-layout-flow\">\n<p><em>Jedn\u00e1 se o p\u0159\u00edjem, kter\u00fd V\u00e1m plyne, i kdy\u017e zrovna nepracujete<\/em>.<\/p>\n<\/blockquote>\n\n\n\n<h1 class=\"wp-block-heading has-text-align-center\"><em>POT\u0158EBUJETE PORADIT \u010cI POMOCT? ZDE JSOU NEJ\u010cAST\u011aJ\u0160\u00cd OT\u00c1ZKY<\/em><\/h1>\n\n\n\n<figure class=\"wp-block-image aligncenter size-full is-resized\"><img loading=\"lazy\" decoding=\"async\" width=\"480\" height=\"268\" src=\"https:\/\/marketing.harmonelo.io\/wp-content\/uploads\/2023\/01\/73720dd0-c17e-0f28-821d-2e70a051fa42.gif\" alt=\"\" class=\"wp-image-245095\" style=\"width:600px;height:undefinedpx\"\/><\/figure>\n\n\n\n<p class=\"has-text-align-center\">Sepsali jsme pro V\u00e1s 34 nej\u010dast\u011bj\u0161\u00edch a nejfrekventovan\u011bj\u0161\u00edch ot\u00e1zek, tak si je pros\u00edm v\u0161echny projd\u011bte d\u0159\u00edve, ne\u017e budete kontaktovat Va\u0161i sponzorskou linii, anebo podporu &#8211; d\u011bkujeme.<\/p>\n\n\n\n<div class=\"wp-block-buttons is-content-justification-center is-layout-flex wp-container-core-buttons-is-layout-a89b3969 wp-block-buttons-is-layout-flex\">\n<div class=\"wp-block-button\"><a class=\"wp-block-button__link wp-element-button\" href=\"https:\/\/harmonelo.com\/faq\/\" target=\"_blank\" rel=\"noreferrer noopener\">NEJ\u010cAST\u011aJ\u0160\u00cd OT\u00c1ZKY A ODPOV\u011aDI<\/a><\/div>\n<\/div>\n\n\n\n<h1 class=\"wp-block-heading has-text-align-center\"><em>INVESTICE A\u017d 36 % GARANTOVAN\u011a<\/em><\/h1>\n\n\n\n<figure class=\"wp-block-image size-full is-resized\"><img loading=\"lazy\" decoding=\"async\" width=\"378\" height=\"212\" src=\"https:\/\/marketing.harmonelo.io\/wp-content\/uploads\/2023\/01\/a46f5f90-3920-a5c8-e95f-390a86af0573.gif\" alt=\"\" class=\"wp-image-245098\" style=\"width:600px;height:undefinedpx\"\/><\/figure>\n\n\n\n<p class=\"has-text-align-center\">V dob\u00e1ch rekordn\u00ed inflace, je d\u016fle\u017eit\u011bj\u0161\u00ed v\u00edc ne\u017e d\u0159\u00edv, ochr\u00e1nit sv\u00e9 voln\u00e9 prost\u0159edky. A HARMONELO s t\u00edm um\u00ed pomoci.<\/p>\n\n\n\n<p class=\"has-text-align-center\"><strong>Investujte do HARMONELO s garantovan\u00fdm v\u00fdnosem a\u017e 36 procent s investi\u010dn\u00edm horizontem a\u017e na 5 let.<\/strong><\/p>\n\n\n\n<div class=\"wp-block-buttons is-content-justification-center is-layout-flex wp-container-core-buttons-is-layout-a89b3969 wp-block-buttons-is-layout-flex\">\n<div class=\"wp-block-button\"><a class=\"wp-block-button__link wp-element-button\" href=\"https:\/\/harmoneloinvestment.com\/\" target=\"_blank\" rel=\"noreferrer noopener\">J\u00cdT NA HARMONELO INVESTMENT<\/a><\/div>\n<\/div>\n","protected":false},"excerpt":{"rendered":"<p>Z\u00c1ZNAMY ODBORN\u00ddCH LIVESTREAM\u016e, KTER\u00c9 JI\u017d PROB\u011aHLY, NAJDETE V OFFICE (80+ PV) KOMPENZA\u010cN\u00cd PL\u00c1N HARMONELO, KTER\u00dd UMO\u017dNIL 100+ MILION\u00c1\u0158\u016e V\u00edte jak funguje?Pro\u010d je nej\u0161t\u011bd\u0159ej\u0161\u00ed a nejvyv\u00e1\u017een\u011bj\u0161\u00ed?Kde se bere v\u0161echen ten profit?Jak se spr\u00e1vn\u011b stav\u00ed s\u00ed\u0165 Harmonelo?Pro\u010d se vyplat\u00ed podnikat v Harmonelo? To v\u0161e bude dobr\u00e9 p\u0159ipomenout si v nov\u00e9m \u0161kolen\u00ed MARKETINGU HARMONELO v ned\u011bli 22.3. od [&hellip;]<\/p>\n","protected":false},"author":2,"featured_media":0,"parent":0,"menu_order":0,"comment_status":"closed","ping_status":"closed","template":"","meta":{"_eb_attr":"","footnotes":""},"class_list":["post-1800968","page","type-page","status-publish","hentry"],"_links":{"self":[{"href":"https:\/\/marketing.harmonelo.io\/cz\/wp-json\/wp\/v2\/pages\/1800968","targetHints":{"allow":["GET"]}}],"collection":[{"href":"https:\/\/marketing.harmonelo.io\/cz\/wp-json\/wp\/v2\/pages"}],"about":[{"href":"https:\/\/marketing.harmonelo.io\/cz\/wp-json\/wp\/v2\/types\/page"}],"author":[{"embeddable":true,"href":"https:\/\/marketing.harmonelo.io\/cz\/wp-json\/wp\/v2\/users\/2"}],"replies":[{"embeddable":true,"href":"https:\/\/marketing.harmonelo.io\/cz\/wp-json\/wp\/v2\/comments?post=1800968"}],"version-history":[{"count":161,"href":"https:\/\/marketing.harmonelo.io\/cz\/wp-json\/wp\/v2\/pages\/1800968\/revisions"}],"predecessor-version":[{"id":1837204,"href":"https:\/\/marketing.harmonelo.io\/cz\/wp-json\/wp\/v2\/pages\/1800968\/revisions\/1837204"}],"wp:attachment":[{"href":"https:\/\/marketing.harmonelo.io\/cz\/wp-json\/wp\/v2\/media?parent=1800968"}],"curies":[{"name":"wp","href":"https:\/\/api.w.org\/{rel}","templated":true}]}}