{"id":1800948,"date":"2023-03-10T16:40:49","date_gmt":"2023-03-10T15:40:49","guid":{"rendered":"https:\/\/marketing.harmonelo.io\/novy-cisty-clanek\/"},"modified":"2024-03-01T17:07:32","modified_gmt":"2024-03-01T16:07:32","slug":"novy-cisty-clanek","status":"publish","type":"page","link":"https:\/\/marketing.harmonelo.io\/cz\/novy-cisty-clanek\/","title":{"rendered":"Nov\u00fd \u010dist\u00fd \u010dl\u00e1nek"},"content":{"rendered":"\n<p>Tady bude libovoln\u00fd text \ud83d\ude42 A nejlep\u0161\u00ed je, \u017ee budeme m\u00edt k tomu i auto-translate. Sta\u010d\u00ed p\u0159epnout jazyk dole.<\/p>\n","protected":false},"excerpt":{"rendered":"<p>Tady bude libovoln\u00fd text \ud83d\ude42 A nejlep\u0161\u00ed je, \u017ee budeme m\u00edt k tomu i auto-translate. Sta\u010d\u00ed p\u0159epnout jazyk dole.<\/p>\n","protected":false},"author":2,"featured_media":0,"parent":0,"menu_order":0,"comment_status":"closed","ping_status":"closed","template":"","meta":{"_eb_attr":"","footnotes":""},"class_list":["post-1800948","page","type-page","status-publish","hentry"],"_links":{"self":[{"href":"https:\/\/marketing.harmonelo.io\/cz\/wp-json\/wp\/v2\/pages\/1800948","targetHints":{"allow":["GET"]}}],"collection":[{"href":"https:\/\/marketing.harmonelo.io\/cz\/wp-json\/wp\/v2\/pages"}],"about":[{"href":"https:\/\/marketing.harmonelo.io\/cz\/wp-json\/wp\/v2\/types\/page"}],"author":[{"embeddable":true,"href":"https:\/\/marketing.harmonelo.io\/cz\/wp-json\/wp\/v2\/users\/2"}],"replies":[{"embeddable":true,"href":"https:\/\/marketing.harmonelo.io\/cz\/wp-json\/wp\/v2\/comments?post=1800948"}],"version-history":[{"count":1,"href":"https:\/\/marketing.harmonelo.io\/cz\/wp-json\/wp\/v2\/pages\/1800948\/revisions"}],"predecessor-version":[{"id":1806329,"href":"https:\/\/marketing.harmonelo.io\/cz\/wp-json\/wp\/v2\/pages\/1800948\/revisions\/1806329"}],"wp:attachment":[{"href":"https:\/\/marketing.harmonelo.io\/cz\/wp-json\/wp\/v2\/media?parent=1800948"}],"curies":[{"name":"wp","href":"https:\/\/api.w.org\/{rel}","templated":true}]}}