{"id":1800938,"date":"2023-04-05T16:27:28","date_gmt":"2023-04-05T14:27:28","guid":{"rendered":"https:\/\/marketing.harmonelo.io\/velikonocni-special%f0%9f%a5%9a\/"},"modified":"2024-03-01T17:03:59","modified_gmt":"2024-03-01T16:03:59","slug":"velikonocni-special%f0%9f%a5%9a","status":"publish","type":"page","link":"https:\/\/marketing.harmonelo.io\/cz\/velikonocni-special%f0%9f%a5%9a\/","title":{"rendered":"Velikono\u010dn\u00ed speci\u00e1l\ud83e\udd5a"},"content":{"rendered":"\n<hr class=\"wp-block-separator has-alpha-channel-opacity\"\/>\n\n\n\n<p class=\"has-text-align-center has-large-font-size\">\ud83d\udc9b\ud83d\udc9c\ud83d\udc9a<\/p>\n\n\n\n<p class=\"has-text-align-center\">Velikonoce jsou tady! Z toho d\u016fvodu jsme si pro V\u00e1s p\u0159ipravili speci\u00e1l v\u011bnovan\u00fd pr\u00e1v\u011b velikono\u010dn\u00ed t\u00e9matice. <em><mark style=\"background-color:rgba(0, 0, 0, 0)\" class=\"has-inline-color has-primary-color\">V\u00edte jak dlouho skladovat uva\u0159en\u00e1 vejce?<\/mark><\/em> <em><mark style=\"background-color:rgba(0, 0, 0, 0)\" class=\"has-inline-color has-primary-color\">Jak si sami m\u016f\u017eete doma obarvit vejce za pomoci p\u0159\u00edrodn\u00edch komponent?<\/mark><\/em> <em><mark style=\"background-color:rgba(0, 0, 0, 0)\" class=\"has-inline-color has-primary-color\">\u010c\u00edm koledn\u00edky m\u016f\u017eete letos p\u0159ekvapit?<\/mark> <\/em>Tohle a mnohem v\u00edce se dozv\u00edte v tomto p\u0159\u00edsp\u011bvku.<\/p>\n\n\n\n<figure class=\"wp-block-image size-large\"><img loading=\"lazy\" decoding=\"async\" width=\"1024\" height=\"1024\" src=\"https:\/\/marketing.harmonelo.io\/wp-content\/uploads\/2023\/04\/IMG_1138-1024x1024.png\" alt=\"\" class=\"wp-image-1245900\" srcset=\"https:\/\/marketing.harmonelo.io\/wp-content\/uploads\/2023\/04\/IMG_1138-1024x1024.png 1024w, https:\/\/marketing.harmonelo.io\/wp-content\/uploads\/2023\/04\/IMG_1138-300x300.png 300w, https:\/\/marketing.harmonelo.io\/wp-content\/uploads\/2023\/04\/IMG_1138-150x150.png 150w, https:\/\/marketing.harmonelo.io\/wp-content\/uploads\/2023\/04\/IMG_1138-768x768.png 768w, https:\/\/marketing.harmonelo.io\/wp-content\/uploads\/2023\/04\/IMG_1138-12x12.png 12w, https:\/\/marketing.harmonelo.io\/wp-content\/uploads\/2023\/04\/IMG_1138.png 1080w\" sizes=\"auto, (max-width: 1024px) 100vw, 1024px\" \/><\/figure>\n\n\n\n<h1 class=\"wp-block-heading has-text-align-center\"><strong><mark style=\"background-color:rgba(0, 0, 0, 0)\" class=\"has-inline-color has-primary-color\">Jak si nabarvit vaj\u00ed\u010dka za pomoci p\u0159\u00edrodn\u00edch komponent?<\/mark><\/strong>\ud83e\udd5a<\/h1>\n\n\n\n<p>Nejr\u016fzn\u011bj\u0161\u00edch barvi\u010dek na vaj\u00ed\u010dka je v\u0161ude plno. V\u00edte v\u0161ak, \u017ee si vejce m\u016f\u017eete nazdobit i z pohodl\u00ed domova a vyu\u017e\u00edt komponenty, kter\u00e9 by V\u00e1s mo\u017en\u00e1 ani na prvn\u00ed dobrou nenapadly?<\/p>\n\n\n\n<h2 class=\"wp-block-heading has-text-align-center\">Jak na to? \ud83d\udd11<\/h2>\n\n\n\n<p class=\"has-text-align-center\">\ud83e\udd5a Prvn\u011b je zapot\u0159eb\u00ed ka\u017ed\u00e9 vejce p\u0159ed barven\u00edm o\u010distit a um\u00fdt (odmastit). Dopomoci si m\u016f\u017eete nap\u0159\u00edklad prost\u0159edkem na n\u00e1dob\u00ed nebo kombinac\u00ed tepl\u00e9 vody a sody. T\u011bmito kroky doc\u00edl\u00edte toho, \u017ee se po\u017eadovan\u00e1 barva na vejce l\u00e9pe chytne. Nyn\u00ed u\u017e zb\u00fdv\u00e1 vybrat si V\u00e1mi zvolenou v\u00fdslednou barvi\u010dku. <\/p>\n\n\n\n<ol class=\"wp-block-list\">\n<li><mark style=\"background-color:rgba(0, 0, 0, 0)\" class=\"has-inline-color has-primary-color\"><strong>CIBULE<\/strong>:<\/mark> Slupky cibule v\u00e1m mohou zabarvit vaj\u00ed\u010dka do kr\u00e1sn\u00e9ho karamelovo- hn\u011bd\u00e9ho odst\u00ednu.<\/li>\n\n\n\n<li><strong><mark style=\"background-color:rgba(0, 0, 0, 0)\" class=\"has-inline-color has-primary-color\">KURKUM<\/mark><\/strong><mark style=\"background-color:rgba(0, 0, 0, 0)\" class=\"has-inline-color has-primary-color\"><strong>A<\/strong>: <\/mark>S kurkumou vy\u010darujete odst\u00edn odpov\u00eddaj\u00edc\u00ed  karamelov\u011b- \u017elut\u00e9. <\/li>\n\n\n\n<li><mark style=\"background-color:rgba(0, 0, 0, 0)\" class=\"has-inline-color has-primary-color\"><strong>\u010cERVEN\u00c9 ZEL\u00cd:<\/strong><\/mark> \u010cerven\u00e9 zel\u00ed V\u00e1m pom\u016f\u017ee vykouzlit p\u0159ekvapiv\u00fd modr\u00fd odst\u00edn.<\/li>\n\n\n\n<li><mark style=\"background-color:rgba(0, 0, 0, 0)\" class=\"has-inline-color has-primary-color\"><strong>\u010cERVEN\u00c1 \u0158EPA<\/strong>: <\/mark>V tomto p\u0159\u00edpad\u011b doc\u00edl\u00edte kr\u00e1sn\u00e9 \u010derven\u00e9 barvi\u010dky.<\/li>\n\n\n\n<li><strong><mark style=\"background-color:rgba(0, 0, 0, 0)\" class=\"has-inline-color has-primary-color\">PETR\u017dEL: <\/mark><\/strong>D\u00edky petr\u017eeli m\u016f\u017eete doc\u00edlit hezk\u00e9ho zelen\u00e9ho odst\u00ednu.<\/li>\n<\/ol>\n\n\n\n<p class=\"has-text-align-center\">Do hrnce vlo\u017ete libovolnou komponentu, kterou chcete vejce obarvit (slupky od cibule, kurkumu, atd.) a zalije vodou 700-800 ml. P\u0159idejte 2 pol\u00e9vkov\u00e9 l\u017e\u00edce octa a \u0161petku soli. Pot\u00e9 p\u0159ive\u010fte k varu. N\u00e1sledn\u011b p\u0159idejte vejce, kter\u00e1 chcete obarvit a va\u0159te 10 minut. Plamen st\u00e1hn\u011bte a vejce ponechte v odbarven\u00e9 vod\u011b a\u017e do vychladnut\u00ed. V\u00fdsledn\u00e9 barvi\u010dky V\u00e1s zajist\u00e9 nadchnou stejn\u011b jako n\u00e1s \ud83d\udc9b\ud83d\udc9c\ud83d\udc9a.<\/p>\n\n\n\n<div style=\"height:30px\" aria-hidden=\"true\" class=\"wp-block-spacer\"><\/div>\n\n\n\n<figure class=\"wp-block-image size-large\"><img loading=\"lazy\" decoding=\"async\" width=\"1024\" height=\"684\" src=\"https:\/\/marketing.harmonelo.io\/wp-content\/uploads\/2023\/04\/pexels-ksenia-chernaya-3980600-1024x684.jpg\" alt=\"\" class=\"wp-image-1245905\" srcset=\"https:\/\/marketing.harmonelo.io\/wp-content\/uploads\/2023\/04\/pexels-ksenia-chernaya-3980600-1024x684.jpg 1024w, https:\/\/marketing.harmonelo.io\/wp-content\/uploads\/2023\/04\/pexels-ksenia-chernaya-3980600-300x200.jpg 300w, https:\/\/marketing.harmonelo.io\/wp-content\/uploads\/2023\/04\/pexels-ksenia-chernaya-3980600-768x513.jpg 768w, https:\/\/marketing.harmonelo.io\/wp-content\/uploads\/2023\/04\/pexels-ksenia-chernaya-3980600-1536x1025.jpg 1536w, https:\/\/marketing.harmonelo.io\/wp-content\/uploads\/2023\/04\/pexels-ksenia-chernaya-3980600-2048x1367.jpg 2048w, https:\/\/marketing.harmonelo.io\/wp-content\/uploads\/2023\/04\/pexels-ksenia-chernaya-3980600-18x12.jpg 18w\" sizes=\"auto, (max-width: 1024px) 100vw, 1024px\" \/><\/figure>\n\n\n\n<div style=\"height:20px\" aria-hidden=\"true\" class=\"wp-block-spacer\"><\/div>\n\n\n\n<h1 class=\"wp-block-heading has-text-align-center\">Jak uva\u0159en\u00e1 vejce skladovat? \ud83d\udca1<\/h1>\n\n\n\n<ol class=\"wp-block-list\">\n<li>I va\u0159en\u00e9 vejce m\u00e1 omezenou trvanlivost.<\/li>\n\n\n\n<li>P\u0159i pokojov\u00e9 teplot\u011b  se  trvanlivost va\u0159en\u00fdch vajec rapidn\u011b sni\u017euje. Jejich trvanlivost se pohybuje okolo 2-3 dn\u016f.<\/li>\n\n\n\n<li>V lednici ov\u0161em mohou vejce vydr\u017eet 7-14 dn\u00ed ( pokud je v\u0161ak po uva\u0159en\u00ed zchlad\u00edte a vlo\u017e\u00edte do lednice).<\/li>\n\n\n\n<li>Samoz\u0159ejm\u011b je ide\u00e1ln\u00ed vejce, co nejrychleji zkonzumovat nebo zpracovat.<\/li>\n<\/ol>\n\n\n\n<div style=\"height:27px\" aria-hidden=\"true\" class=\"wp-block-spacer\"><\/div>\n\n\n\n<figure class=\"wp-block-image size-large\"><img loading=\"lazy\" decoding=\"async\" width=\"1024\" height=\"683\" src=\"https:\/\/marketing.harmonelo.io\/wp-content\/uploads\/2023\/04\/pexels-roman-odintsov-6897341-1024x683.jpg\" alt=\"\" class=\"wp-image-1245904\" srcset=\"https:\/\/marketing.harmonelo.io\/wp-content\/uploads\/2023\/04\/pexels-roman-odintsov-6897341-1024x683.jpg 1024w, https:\/\/marketing.harmonelo.io\/wp-content\/uploads\/2023\/04\/pexels-roman-odintsov-6897341-300x200.jpg 300w, https:\/\/marketing.harmonelo.io\/wp-content\/uploads\/2023\/04\/pexels-roman-odintsov-6897341-768x512.jpg 768w, https:\/\/marketing.harmonelo.io\/wp-content\/uploads\/2023\/04\/pexels-roman-odintsov-6897341-1536x1024.jpg 1536w, https:\/\/marketing.harmonelo.io\/wp-content\/uploads\/2023\/04\/pexels-roman-odintsov-6897341-2048x1365.jpg 2048w, https:\/\/marketing.harmonelo.io\/wp-content\/uploads\/2023\/04\/pexels-roman-odintsov-6897341-18x12.jpg 18w\" sizes=\"auto, (max-width: 1024px) 100vw, 1024px\" \/><\/figure>\n\n\n\n<h1 class=\"wp-block-heading has-text-align-center\">\u010c\u00edm letos m\u016f\u017eete koledn\u00edky p\u0159ekvapit? \ud83d\udca1<\/h1>\n\n\n\n<p class=\"has-text-align-center\">Sv\u00e9 koledn\u00edky m\u016f\u017eete letos oslnit origin\u00e1ln\u00edm gestem. M\u00edsto ozdobn\u00fdch vajec, \u010dokol\u00e1dov\u00e9ho zaj\u00ed\u010dka \u010di poctiv\u00e9ho pan\u00e1ka dom\u00e1c\u00ed slivovice m\u016f\u017eete n\u00e1v\u0161t\u011bv\u011b nab\u00eddnout doporu\u010den\u00e9 denn\u00ed mno\u017estv\u00ed n\u011bkter\u00e9ho z na\u0161ich tekut\u00fdch dopl\u0148k\u016f stravy. Zejm\u00e9na ti, kte\u0159\u00ed je\u0161t\u011b doposud nem\u011bli s Harmonelo tu \u010dest, budou zajist\u00e9 <mark style=\"background-color:rgba(0, 0, 0, 0)\" class=\"has-inline-color has-primary-color\">nad\u0161eni!<\/mark><\/p>\n\n\n\n<figure class=\"wp-block-image size-large\"><img loading=\"lazy\" decoding=\"async\" width=\"1024\" height=\"1024\" src=\"https:\/\/marketing.harmonelo.io\/wp-content\/uploads\/2023\/04\/37-1024x1024.jpg\" alt=\"\" class=\"wp-image-1245903\" srcset=\"https:\/\/marketing.harmonelo.io\/wp-content\/uploads\/2023\/04\/37-1024x1024.jpg 1024w, https:\/\/marketing.harmonelo.io\/wp-content\/uploads\/2023\/04\/37-300x300.jpg 300w, https:\/\/marketing.harmonelo.io\/wp-content\/uploads\/2023\/04\/37-150x150.jpg 150w, https:\/\/marketing.harmonelo.io\/wp-content\/uploads\/2023\/04\/37-768x768.jpg 768w, https:\/\/marketing.harmonelo.io\/wp-content\/uploads\/2023\/04\/37-12x12.jpg 12w, https:\/\/marketing.harmonelo.io\/wp-content\/uploads\/2023\/04\/37.jpg 1200w\" sizes=\"auto, (max-width: 1024px) 100vw, 1024px\" \/><\/figure>\n\n\n\n<div class=\"wp-block-buttons is-content-justification-center is-layout-flex wp-container-core-buttons-is-layout-a89b3969 wp-block-buttons-is-layout-flex\">\n<div class=\"wp-block-button\"><a class=\"wp-block-button__link wp-element-button\" href=\"https:\/\/harmonelo.com\/harmonelo-life-d512\/\" target=\"_blank\" rel=\"noreferrer noopener\">ZKUSTE TO T\u0158EBA S HARMONELO LIFE<\/a><\/div>\n<\/div>\n\n\n\n<p class=\"has-text-align-center\">Jeho p\u0159\u00edjemn\u00e1 a vyv\u00e1\u017een\u00e1 chu\u0165 si z\u00edsk\u00e1 nejednoho koledn\u00edka. <\/p>\n\n\n\n<p class=\"has-text-align-center has-large-font-size\">\ud83d\udc9b\ud83d\udc9c\ud83d\udc9a<\/p>\n","protected":false},"excerpt":{"rendered":"<p>\ud83d\udc9b\ud83d\udc9c\ud83d\udc9a Velikonoce jsou tady! Z toho d\u016fvodu jsme si pro V\u00e1s p\u0159ipravili speci\u00e1l v\u011bnovan\u00fd pr\u00e1v\u011b velikono\u010dn\u00ed t\u00e9matice. V\u00edte jak dlouho skladovat uva\u0159en\u00e1 vejce? Jak si sami m\u016f\u017eete doma obarvit vejce za pomoci p\u0159\u00edrodn\u00edch komponent? \u010c\u00edm koledn\u00edky m\u016f\u017eete letos p\u0159ekvapit? Tohle a mnohem v\u00edce se dozv\u00edte v tomto p\u0159\u00edsp\u011bvku. Jak si nabarvit vaj\u00ed\u010dka za pomoci p\u0159\u00edrodn\u00edch [&hellip;]<\/p>\n","protected":false},"author":5,"featured_media":0,"parent":0,"menu_order":0,"comment_status":"closed","ping_status":"closed","template":"","meta":{"_eb_attr":"","footnotes":""},"class_list":["post-1800938","page","type-page","status-publish","hentry"],"_links":{"self":[{"href":"https:\/\/marketing.harmonelo.io\/cz\/wp-json\/wp\/v2\/pages\/1800938","targetHints":{"allow":["GET"]}}],"collection":[{"href":"https:\/\/marketing.harmonelo.io\/cz\/wp-json\/wp\/v2\/pages"}],"about":[{"href":"https:\/\/marketing.harmonelo.io\/cz\/wp-json\/wp\/v2\/types\/page"}],"author":[{"embeddable":true,"href":"https:\/\/marketing.harmonelo.io\/cz\/wp-json\/wp\/v2\/users\/5"}],"replies":[{"embeddable":true,"href":"https:\/\/marketing.harmonelo.io\/cz\/wp-json\/wp\/v2\/comments?post=1800938"}],"version-history":[{"count":1,"href":"https:\/\/marketing.harmonelo.io\/cz\/wp-json\/wp\/v2\/pages\/1800938\/revisions"}],"predecessor-version":[{"id":1806216,"href":"https:\/\/marketing.harmonelo.io\/cz\/wp-json\/wp\/v2\/pages\/1800938\/revisions\/1806216"}],"wp:attachment":[{"href":"https:\/\/marketing.harmonelo.io\/cz\/wp-json\/wp\/v2\/media?parent=1800938"}],"curies":[{"name":"wp","href":"https:\/\/api.w.org\/{rel}","templated":true}]}}