{"id":1800934,"date":"2023-04-12T10:07:05","date_gmt":"2023-04-12T08:07:05","guid":{"rendered":"https:\/\/marketing.harmonelo.io\/harmonelo-hope-%f0%9f%a6%8b\/"},"modified":"2024-03-01T17:01:18","modified_gmt":"2024-03-01T16:01:18","slug":"harmonelo-hope-%f0%9f%a6%8b","status":"publish","type":"page","link":"https:\/\/marketing.harmonelo.io\/cz\/harmonelo-hope-%f0%9f%a6%8b\/","title":{"rendered":"Harmonelo Hope \ud83e\udd8b"},"content":{"rendered":"\n<hr class=\"wp-block-separator has-alpha-channel-opacity\"\/>\n\n\n\n<div style=\"height:20px\" aria-hidden=\"true\" class=\"wp-block-spacer\"><\/div>\n\n\n\n<h2 class=\"wp-block-heading has-text-align-center\"> <strong><em>Cesta Laurinky<\/em><\/strong> \ud83d\udc63<\/h2>\n\n\n\n<figure class=\"wp-block-image aligncenter size-large is-resized\"><img loading=\"lazy\" decoding=\"async\" width=\"1024\" height=\"1024\" src=\"https:\/\/marketing.harmonelo.io\/wp-content\/uploads\/2023\/04\/version1uuid804C32DA-19BB-45FF-A8A5-B28C52B29925modecompatiblenoloc0.jpeg-1024x1024.jpg\" alt=\"\" class=\"wp-image-1333282\" style=\"width:569px;height:569px\" srcset=\"https:\/\/marketing.harmonelo.io\/wp-content\/uploads\/2023\/04\/version1uuid804C32DA-19BB-45FF-A8A5-B28C52B29925modecompatiblenoloc0.jpeg-1024x1024.jpg 1024w, https:\/\/marketing.harmonelo.io\/wp-content\/uploads\/2023\/04\/version1uuid804C32DA-19BB-45FF-A8A5-B28C52B29925modecompatiblenoloc0.jpeg-300x300.jpg 300w, https:\/\/marketing.harmonelo.io\/wp-content\/uploads\/2023\/04\/version1uuid804C32DA-19BB-45FF-A8A5-B28C52B29925modecompatiblenoloc0.jpeg-150x150.jpg 150w, https:\/\/marketing.harmonelo.io\/wp-content\/uploads\/2023\/04\/version1uuid804C32DA-19BB-45FF-A8A5-B28C52B29925modecompatiblenoloc0.jpeg-768x768.jpg 768w, https:\/\/marketing.harmonelo.io\/wp-content\/uploads\/2023\/04\/version1uuid804C32DA-19BB-45FF-A8A5-B28C52B29925modecompatiblenoloc0.jpeg-12x12.jpg 12w, https:\/\/marketing.harmonelo.io\/wp-content\/uploads\/2023\/04\/version1uuid804C32DA-19BB-45FF-A8A5-B28C52B29925modecompatiblenoloc0.jpeg.jpg 1080w\" sizes=\"auto, (max-width: 1024px) 100vw, 1024px\" \/><\/figure>\n\n\n\n<h2 class=\"wp-block-heading has-text-align-center\"><em>Nelehk\u00fd p\u0159\u00edb\u011bh Laurinky:<\/em><\/h2>\n\n\n\n<p class=\"has-text-align-center\">\ud83e\udd0d \u0160ekmarovi si Laurinku p\u0159ivezli 17.2.2022 z nemocnice. Od tohoto dne ji maj\u00ed v p\u011bstounsk\u00e9 p\u00e9\u010di, kter\u00e1 jim byla ur\u010dena soudem. Jako jej\u00ed prarodi\u010de maj\u00ed opr\u00e1vn\u011bn\u00ed zastupovat Laurinku ve v\u0161ech sm\u011brech a maj\u00ed stejn\u00e1 pr\u00e1va jako rodi\u010de. Nyn\u00ed se v\u0161ak je\u0161t\u011b \u010dek\u00e1, a\u017e soud rozhodne o zbaven\u00ed rodi\u010d\u016f jejich pr\u00e1v a prarodi\u010de ur\u010d\u00ed jako poru\u010dn\u00edky.<\/p>\n\n\n\n<p class=\"has-text-align-center\">\ud83e\udd0d Nebylo to \u00fapln\u011b snadn\u00e9. Pan\u00ed \u0160ekmarov\u00e1 musela absolvovat s Laurinkou 10 dn\u00ed v nemocnici v Hradci Kr\u00e1lov\u00e9, kde ji odborn\u00fd zdravotn\u00ed person\u00e1l zau\u010doval, jak pod\u00e1vat hol\u010di\u010dce l\u00e9ky a jak o ni pe\u010dovat. N\u00e1sledn\u011b pak zaslali na soud posudek, kter\u00fd vypov\u00eddal o tom, \u017ee je pan\u00ed \u0160ekmarov\u00e1 schopna se o nemocn\u00e9 d\u00edt\u011b postarat, a \u017ee je zjevn\u00e9, \u017ee m\u00e1 Laurinka k babi\u010dce v\u0159el\u00fd vztah. \ud83d\udc69\u200d\ud83c\udf7c<\/p>\n\n\n\n<p class=\"has-text-align-center\">\ud83e\udd0d Toto doporu\u010den\u00ed p\u0159im\u011blo soud k rozhodnut\u00ed, \u017ee bude o d\u00edt\u011b u babi\u010dky a d\u011bdy dob\u0159e postar\u00e1no. Vzhledem k tomu, \u017ee se rodi\u010de od narozen\u00ed o d\u00edt\u011b <mark style=\"background-color:rgba(0, 0, 0, 0)\" class=\"has-inline-color has-primary-color\">nezaj\u00edmaj\u00ed<\/mark> a u\u017e\u00edvaj\u00ed n\u00e1vykov\u00e9 l\u00e1tky, org\u00e1n soci\u00e1ln\u011b-pr\u00e1vn\u00ed ochrany d\u011bt\u00ed navrhuje, aby byli rodi\u010de zbaven\u00ed rodi\u010dovsk\u00fdch pr\u00e1v.<\/p>\n\n\n\n<figure class=\"wp-block-image aligncenter size-large is-resized\"><img loading=\"lazy\" decoding=\"async\" width=\"1024\" height=\"1024\" src=\"https:\/\/marketing.harmonelo.io\/wp-content\/uploads\/2023\/03\/2-1024x1024.jpg\" alt=\"\" class=\"wp-image-981759\" style=\"width:577px;height:577px\" srcset=\"https:\/\/marketing.harmonelo.io\/wp-content\/uploads\/2023\/03\/2-1024x1024.jpg 1024w, https:\/\/marketing.harmonelo.io\/wp-content\/uploads\/2023\/03\/2-300x300.jpg 300w, https:\/\/marketing.harmonelo.io\/wp-content\/uploads\/2023\/03\/2-150x150.jpg 150w, https:\/\/marketing.harmonelo.io\/wp-content\/uploads\/2023\/03\/2-768x768.jpg 768w, https:\/\/marketing.harmonelo.io\/wp-content\/uploads\/2023\/03\/2-12x12.jpg 12w, https:\/\/marketing.harmonelo.io\/wp-content\/uploads\/2023\/03\/2.jpg 1200w\" sizes=\"auto, (max-width: 1024px) 100vw, 1024px\" \/><\/figure>\n\n\n\n<p class=\"has-text-align-center\">Pom\u00e1hejte s n\u00e1mi i nad\u00e1le, prost\u0159ednictv\u00edm dal\u0161\u00edch kr\u00e1sn\u00fdch projekt\u016f, kter\u00e9 V\u00e1m budeme postupn\u011b p\u0159edstavovat.<\/p>\n\n\n\n<p class=\"has-text-align-center\">V\u00e1mi zvolenou finan\u010dn\u00ed \u010d\u00e1stku m\u016f\u017eete poslat na transparentn\u00ed \u00fa\u010dty veden\u00e9 u Raiffeisenbank:<\/p>\n\n\n\n<blockquote class=\"wp-block-quote is-layout-flow wp-block-quote-is-layout-flow\">\n<p class=\"has-text-align-center has-primary-color has-text-color\"><strong><a href=\"https:\/\/www.rb.cz\/povinne-zverejnovane-informace\/transparentni-ucty?path=transactions&amp;accountNumber=2022102250\" target=\"_blank\" rel=\"noreferrer noopener\"><mark style=\"background-color:rgba(0, 0, 0, 0)\" class=\"has-inline-color has-contrast-color\">CZK 2022102250\/5500<\/mark><\/a><\/strong>&nbsp;(pro p\u0159\u00edsp\u011bvky v CZK);&nbsp;IBAN: CZ6655000000002022102250&nbsp;(pro p\u0159\u00edsp\u011bvky z jin\u00fdch zem\u00ed ne\u017e CZ);&nbsp;BIC: RZBCCZP<\/p>\n<\/blockquote>\n\n\n\n<blockquote class=\"wp-block-quote is-layout-flow wp-block-quote-is-layout-flow\">\n<p class=\"has-text-align-center has-primary-color has-text-color\"><mark style=\"background-color:rgba(0, 0, 0, 0)\" class=\"has-inline-color has-primary-color\"><a href=\"https:\/\/www.rb.cz\/povinne-zverejnovane-informace\/transparentni-ucty?path=transactions&amp;accountNumber=2022102285\" target=\"_blank\" rel=\"noreferrer noopener\"><strong>EUR 2022102285\/5500<\/strong><\/a>\u00a0<\/mark>(pro p\u0159\u00edsp\u011bvky v EUR);\u00a0IBAN: CZ9155000000002022102285\u00a0(pro p\u0159\u00edsp\u011bvky z jin\u00fdch zem\u00ed ne\u017e CZ);\u00a0BIC: RZBCCZPP<\/p>\n<\/blockquote>\n\n\n\n<div style=\"height:20px\" aria-hidden=\"true\" class=\"wp-block-spacer\"><\/div>\n\n\n\n<h2 class=\"wp-block-heading has-text-align-center\">D\u011bkujeme, \u017ee s n\u00e1mi pom\u00e1h\u00e1te tam, kde je to pot\u0159eba.<\/h2>\n\n\n\n<h2 class=\"wp-block-heading has-text-align-center\">\ud83e\udd8b\ud83e\udd8b\ud83e\udd8b<\/h2>\n\n\n\n<p class=\"has-text-align-center has-base-color has-base-background-color has-text-color has-background\"><\/p>\n","protected":false},"excerpt":{"rendered":"<p>Cesta Laurinky \ud83d\udc63 Nelehk\u00fd p\u0159\u00edb\u011bh Laurinky: \ud83e\udd0d \u0160ekmarovi si Laurinku p\u0159ivezli 17.2.2022 z nemocnice. Od tohoto dne ji maj\u00ed v p\u011bstounsk\u00e9 p\u00e9\u010di, kter\u00e1 jim byla ur\u010dena soudem. Jako jej\u00ed prarodi\u010de maj\u00ed opr\u00e1vn\u011bn\u00ed zastupovat Laurinku ve v\u0161ech sm\u011brech a maj\u00ed stejn\u00e1 pr\u00e1va jako rodi\u010de. Nyn\u00ed se v\u0161ak je\u0161t\u011b \u010dek\u00e1, a\u017e soud rozhodne o zbaven\u00ed rodi\u010d\u016f jejich [&hellip;]<\/p>\n","protected":false},"author":5,"featured_media":0,"parent":0,"menu_order":0,"comment_status":"closed","ping_status":"closed","template":"","meta":{"_eb_attr":"","footnotes":""},"class_list":["post-1800934","page","type-page","status-publish","hentry"],"_links":{"self":[{"href":"https:\/\/marketing.harmonelo.io\/cz\/wp-json\/wp\/v2\/pages\/1800934","targetHints":{"allow":["GET"]}}],"collection":[{"href":"https:\/\/marketing.harmonelo.io\/cz\/wp-json\/wp\/v2\/pages"}],"about":[{"href":"https:\/\/marketing.harmonelo.io\/cz\/wp-json\/wp\/v2\/types\/page"}],"author":[{"embeddable":true,"href":"https:\/\/marketing.harmonelo.io\/cz\/wp-json\/wp\/v2\/users\/5"}],"replies":[{"embeddable":true,"href":"https:\/\/marketing.harmonelo.io\/cz\/wp-json\/wp\/v2\/comments?post=1800934"}],"version-history":[{"count":1,"href":"https:\/\/marketing.harmonelo.io\/cz\/wp-json\/wp\/v2\/pages\/1800934\/revisions"}],"predecessor-version":[{"id":1806069,"href":"https:\/\/marketing.harmonelo.io\/cz\/wp-json\/wp\/v2\/pages\/1800934\/revisions\/1806069"}],"wp:attachment":[{"href":"https:\/\/marketing.harmonelo.io\/cz\/wp-json\/wp\/v2\/media?parent=1800934"}],"curies":[{"name":"wp","href":"https:\/\/api.w.org\/{rel}","templated":true}]}}