{"id":1800933,"date":"2023-04-12T10:59:49","date_gmt":"2023-04-12T08:59:49","guid":{"rendered":"https:\/\/marketing.harmonelo.io\/%e2%9c%a8-musli-ktere-bude-vas-mikrobiom-zboznovat\/"},"modified":"2024-03-01T17:02:23","modified_gmt":"2024-03-01T16:02:23","slug":"%e2%9c%a8-musli-ktere-bude-vas-mikrobiom-zboznovat","status":"publish","type":"page","link":"https:\/\/marketing.harmonelo.io\/cz\/%e2%9c%a8-musli-ktere-bude-vas-mikrobiom-zboznovat\/","title":{"rendered":"\u2728 \u00a0M\u00fcsli, kter\u00e9 bude V\u00e1\u0161 mikrobiom zbo\u017e\u0148ovat"},"content":{"rendered":"\n<figure class=\"wp-block-image size-large\"><img loading=\"lazy\" decoding=\"async\" width=\"1024\" height=\"1024\" src=\"https:\/\/marketing.harmonelo.io\/wp-content\/uploads\/2023\/04\/version1uuidD5F9E477-ACC1-4087-ACFD-1B70E5597FBAmodecompatiblenoloc0.jpeg-1024x1024.jpg\" alt=\"\" class=\"wp-image-1333216\" srcset=\"https:\/\/marketing.harmonelo.io\/wp-content\/uploads\/2023\/04\/version1uuidD5F9E477-ACC1-4087-ACFD-1B70E5597FBAmodecompatiblenoloc0.jpeg-1024x1024.jpg 1024w, https:\/\/marketing.harmonelo.io\/wp-content\/uploads\/2023\/04\/version1uuidD5F9E477-ACC1-4087-ACFD-1B70E5597FBAmodecompatiblenoloc0.jpeg-300x300.jpg 300w, https:\/\/marketing.harmonelo.io\/wp-content\/uploads\/2023\/04\/version1uuidD5F9E477-ACC1-4087-ACFD-1B70E5597FBAmodecompatiblenoloc0.jpeg-150x150.jpg 150w, https:\/\/marketing.harmonelo.io\/wp-content\/uploads\/2023\/04\/version1uuidD5F9E477-ACC1-4087-ACFD-1B70E5597FBAmodecompatiblenoloc0.jpeg-768x768.jpg 768w, https:\/\/marketing.harmonelo.io\/wp-content\/uploads\/2023\/04\/version1uuidD5F9E477-ACC1-4087-ACFD-1B70E5597FBAmodecompatiblenoloc0.jpeg-12x12.jpg 12w, https:\/\/marketing.harmonelo.io\/wp-content\/uploads\/2023\/04\/version1uuidD5F9E477-ACC1-4087-ACFD-1B70E5597FBAmodecompatiblenoloc0.jpeg.jpg 1200w\" sizes=\"auto, (max-width: 1024px) 100vw, 1024px\" \/><\/figure>\n\n\n\n<p><\/p>\n\n\n\n<h2 class=\"wp-block-heading\">\ud83d\udd38Ingredience:<\/h2>\n\n\n\n<ul class=\"wp-block-list\">\n<li>4 jablka (neloupan\u00e1, nakr\u00e1jen\u00e1 na men\u0161\u00ed kousky)<\/li>\n\n\n\n<li>2 \u0161\u00e1lky neslazen\u00e9ho kef\u00edru<\/li>\n\n\n\n<li>1\/2 \u0161\u00e1lku obiln\u00fdch vlo\u010dek<\/li>\n\n\n\n<li>1\/4 \u0161\u00e1lku nasekan\u00fdch o\u0159\u00ed\u0161k\u016f<\/li>\n\n\n\n<li>2 l\u017e\u00edce mlet\u00fdch ln\u011bn\u00fdch sem\u00ednek<\/li>\n\n\n\n<li>2 l\u017e\u00edce citr\u00f3nov\u00e9 \u0161\u0165\u00e1vy<\/li>\n\n\n\n<li>1\/4 l\u017ei\u010dky mu\u0161k\u00e1tov\u00e9ho o\u0159\u00ed\u0161ku<\/li>\n\n\n\n<li>1\/4 l\u017ei\u010dky soli<\/li>\n\n\n\n<li>\u010dekankov\u00fd sirup na dochucen\u00ed<\/li>\n\n\n\n<li>20 ml Harmonelo Vitality<\/li>\n<\/ul>\n\n\n\n<h2 class=\"wp-block-heading\">\ud83d\udd38Postup: <\/h2>\n\n\n\n<ul class=\"wp-block-list\">\n<li>Nakr\u00e1jen\u00e1 jablka sm\u00edchejte s kef\u00edrem, vlo\u010dkami, o\u0159\u00ed\u0161ky, ln\u011bn\u00fdm sem\u00ednkem, citr\u00f3novou \u0161\u0165\u00e1vou, mu\u0161k\u00e1tov\u00fdm o\u0159\u00ed\u0161kem, sol\u00ed a Harmonelem Vitality. Ulo\u017ete na noc do chladni\u010dky. Pod\u00e1vejte  jemn\u011b pokapan\u00e9 \u010dekankov\u00fdm sirupem.<\/li>\n<\/ul>\n\n\n\n<p><strong><mark style=\"background-color:rgba(0, 0, 0, 0)\" class=\"has-inline-color has-primary-color\">\ud83d\udca1<em>Takto p\u0159ipraven\u00e9 m\u00fcsl\u00ed V\u00e1m v lednici vydr\u017e\u00ed i n\u011bkolik dn\u00ed!<\/em><\/mark><\/strong><\/p>\n\n\n\n<p class=\"has-text-align-center\">Tak s chut\u00ed do toho! Snad V\u00e1m tahle \u010dasov\u011b nen\u00e1ro\u010dn\u00e1 a nutri\u010dn\u011b vyv\u00e1\u017een\u00e1 sn\u00eddan\u011b zlep\u0161ila den \ud83c\udf1e.<\/p>\n\n\n\n<div class=\"wp-block-buttons is-content-justification-center is-layout-flex wp-container-core-buttons-is-layout-a89b3969 wp-block-buttons-is-layout-flex\">\n<div class=\"wp-block-button\"><a class=\"wp-block-button__link has-text-align-center wp-element-button\" href=\"https:\/\/harmonelo.com\/harmonelo-vitality-d513\/\" target=\"_blank\" rel=\"noreferrer noopener\">ZAJ\u00cdM\u00c1 M\u011a HARMONELO VITALITY<\/a><\/div>\n<\/div>\n","protected":false},"excerpt":{"rendered":"<p>\ud83d\udd38Ingredience: \ud83d\udd38Postup: \ud83d\udca1Takto p\u0159ipraven\u00e9 m\u00fcsl\u00ed V\u00e1m v lednici vydr\u017e\u00ed i n\u011bkolik dn\u00ed! Tak s chut\u00ed do toho! Snad V\u00e1m tahle \u010dasov\u011b nen\u00e1ro\u010dn\u00e1 a nutri\u010dn\u011b vyv\u00e1\u017een\u00e1 sn\u00eddan\u011b zlep\u0161ila den \ud83c\udf1e.<\/p>\n","protected":false},"author":5,"featured_media":0,"parent":0,"menu_order":0,"comment_status":"closed","ping_status":"closed","template":"","meta":{"_eb_attr":"","footnotes":""},"class_list":["post-1800933","page","type-page","status-publish","hentry"],"_links":{"self":[{"href":"https:\/\/marketing.harmonelo.io\/cz\/wp-json\/wp\/v2\/pages\/1800933","targetHints":{"allow":["GET"]}}],"collection":[{"href":"https:\/\/marketing.harmonelo.io\/cz\/wp-json\/wp\/v2\/pages"}],"about":[{"href":"https:\/\/marketing.harmonelo.io\/cz\/wp-json\/wp\/v2\/types\/page"}],"author":[{"embeddable":true,"href":"https:\/\/marketing.harmonelo.io\/cz\/wp-json\/wp\/v2\/users\/5"}],"replies":[{"embeddable":true,"href":"https:\/\/marketing.harmonelo.io\/cz\/wp-json\/wp\/v2\/comments?post=1800933"}],"version-history":[{"count":1,"href":"https:\/\/marketing.harmonelo.io\/cz\/wp-json\/wp\/v2\/pages\/1800933\/revisions"}],"predecessor-version":[{"id":1806102,"href":"https:\/\/marketing.harmonelo.io\/cz\/wp-json\/wp\/v2\/pages\/1800933\/revisions\/1806102"}],"wp:attachment":[{"href":"https:\/\/marketing.harmonelo.io\/cz\/wp-json\/wp\/v2\/media?parent=1800933"}],"curies":[{"name":"wp","href":"https:\/\/api.w.org\/{rel}","templated":true}]}}