{"id":1800929,"date":"2023-04-17T17:00:32","date_gmt":"2023-04-17T15:00:32","guid":{"rendered":"https:\/\/marketing.harmonelo.io\/jak-na-postavu-snu\/"},"modified":"2024-03-01T17:08:46","modified_gmt":"2024-03-01T16:08:46","slug":"jak-na-postavu-snu","status":"publish","type":"page","link":"https:\/\/marketing.harmonelo.io\/cz\/jak-na-postavu-snu\/","title":{"rendered":"JAK NA POSTAVU SN\u016e ?"},"content":{"rendered":"\n<p class=\"has-text-align-center\">Vybudovat si postavu sn\u016f nemus\u00ed b\u00fdt a\u017e takov\u00e1 v\u011bda, jak se na prvn\u00ed pohled zd\u00e1. Je d\u016fle\u017eit\u00e9 m\u00edt na pam\u011bti, \u017ee ka\u017ed\u00fd krok se po\u010d\u00edt\u00e1! <\/p>\n\n\n\n<figure class=\"wp-block-image size-large\"><img loading=\"lazy\" decoding=\"async\" width=\"1024\" height=\"683\" src=\"https:\/\/marketing.harmonelo.io\/wp-content\/uploads\/2023\/04\/pexels-karolina-grabowska-4498606-1024x683.jpg\" alt=\"\" class=\"wp-image-1420303\" srcset=\"https:\/\/marketing.harmonelo.io\/wp-content\/uploads\/2023\/04\/pexels-karolina-grabowska-4498606-1024x683.jpg 1024w, https:\/\/marketing.harmonelo.io\/wp-content\/uploads\/2023\/04\/pexels-karolina-grabowska-4498606-300x200.jpg 300w, https:\/\/marketing.harmonelo.io\/wp-content\/uploads\/2023\/04\/pexels-karolina-grabowska-4498606-768x512.jpg 768w, https:\/\/marketing.harmonelo.io\/wp-content\/uploads\/2023\/04\/pexels-karolina-grabowska-4498606-1536x1024.jpg 1536w, https:\/\/marketing.harmonelo.io\/wp-content\/uploads\/2023\/04\/pexels-karolina-grabowska-4498606-2048x1365.jpg 2048w, https:\/\/marketing.harmonelo.io\/wp-content\/uploads\/2023\/04\/pexels-karolina-grabowska-4498606-18x12.jpg 18w\" sizes=\"auto, (max-width: 1024px) 100vw, 1024px\" \/><\/figure>\n\n\n\n<h2 class=\"wp-block-heading has-text-align-center\">\ud83d\udccc Men\u0161\u00ed kr\u016f\u010dky = z\u00e1klad \u00fasp\u011bchu<\/h2>\n\n\n\n<p class=\"has-text-align-center\">Je sice hezk\u00e9 dosahovat, co nejlep\u0161\u00edch v\u00fdsledk\u016f, ale je t\u0159eba myslet na to, \u017ee samotn\u00fd <mark style=\"background-color:rgba(0, 0, 0, 0)\" class=\"has-inline-color has-primary-color\">START<\/mark> se d\u00e1 pom\u011brn\u011b rychle a snadno p\u0159ep\u00e1lit.<\/p>\n\n\n\n<h2 class=\"wp-block-heading has-text-align-center\">\ud83d\udccc Udr\u017eiteln\u00e9 zm\u011bny<\/h2>\n\n\n\n<p class=\"has-text-align-center\">Udr\u017eitelnost, jako\u017eto kl\u00ed\u010d \u00fasp\u011bchu, nejen ve strav\u011b, ale tak\u00e9 v r\u00e1mci sportu, je d\u016fle\u017eit\u00e1. Je proto podstatn\u00e9 v\u011bnovat se zejm\u00e9na tomu, co je dlouhodob\u011b <mark style=\"background-color:rgba(0, 0, 0, 0)\" class=\"has-inline-color has-primary-color\">udr\u017eiteln\u00e9<\/mark>.<\/p>\n\n\n\n<figure class=\"wp-block-image size-large\"><img loading=\"lazy\" decoding=\"async\" width=\"1024\" height=\"684\" src=\"https:\/\/marketing.harmonelo.io\/wp-content\/uploads\/2023\/04\/pexels-tirachard-kumtanom-347134-1024x684.jpg\" alt=\"\" class=\"wp-image-1420301\" srcset=\"https:\/\/marketing.harmonelo.io\/wp-content\/uploads\/2023\/04\/pexels-tirachard-kumtanom-347134-1024x684.jpg 1024w, https:\/\/marketing.harmonelo.io\/wp-content\/uploads\/2023\/04\/pexels-tirachard-kumtanom-347134-300x200.jpg 300w, https:\/\/marketing.harmonelo.io\/wp-content\/uploads\/2023\/04\/pexels-tirachard-kumtanom-347134-768x513.jpg 768w, https:\/\/marketing.harmonelo.io\/wp-content\/uploads\/2023\/04\/pexels-tirachard-kumtanom-347134-1536x1025.jpg 1536w, https:\/\/marketing.harmonelo.io\/wp-content\/uploads\/2023\/04\/pexels-tirachard-kumtanom-347134-2048x1367.jpg 2048w, https:\/\/marketing.harmonelo.io\/wp-content\/uploads\/2023\/04\/pexels-tirachard-kumtanom-347134-18x12.jpg 18w\" sizes=\"auto, (max-width: 1024px) 100vw, 1024px\" \/><\/figure>\n\n\n\n<h2 class=\"wp-block-heading has-text-align-center\">\ud83d\udccc Mali\u010dkosti, kter\u00e9 nebol\u00ed<\/h2>\n\n\n\n<p class=\"has-text-align-center\">Jak za\u010d\u00edt? Nebav\u00ed V\u00e1s sportov\u00e1n\u00ed nebo k n\u011bmu dokonce m\u00e1te odpor? Co takto za\u010d\u00edt hezky pomalu? Pro za\u010d\u00e1tek m\u016f\u017ee b\u00fdt fajn  proch\u00e1zka svi\u017en\u011bj\u0161\u00edm krokem. Svou trasu m\u016f\u017eete postupn\u011b navy\u0161ovat, stejn\u011b jako sv\u00e9 tempo.<em> Cestujete do pr\u00e1ce autobusem nebo \u0161alinou?<\/em> Vystupte o 1-2 zast\u00e1vky d\u0159\u00edve! V\u011b\u0159te, \u017ee i tyto men\u0161\u00ed zm\u011bny dok\u00e1\u017e\u00ed mnoho.<\/p>\n\n\n\n<h2 class=\"wp-block-heading has-text-align-center\">\ud83d\udccc Ve dvou se to t\u00e1hne l\u00e9pe<\/h2>\n\n\n\n<p class=\"has-text-align-center\">Je p\u0159irozen\u00e9, \u017ee i ti nejv\u00edc motivovan\u00ed jedinci, mohou s postupem \u010dasu svou motivaci ztr\u00e1cet. Z toho d\u016fvodu je skv\u011bl\u00e9 m\u00edt<mark style=\"background-color:rgba(0, 0, 0, 0)\" class=\"has-inline-color has-primary-color\"> par\u0165\u00e1ka<\/mark>, se kter\u00fdm se m\u016f\u017eete navz\u00e1jem motivovat a povzbuzovat.<\/p>\n\n\n\n<figure class=\"wp-block-image aligncenter size-large\"><img loading=\"lazy\" decoding=\"async\" width=\"1024\" height=\"683\" src=\"https:\/\/marketing.harmonelo.io\/wp-content\/uploads\/2023\/04\/pexels-andrea-piacquadio-3768722-1024x683.jpg\" alt=\"\" class=\"wp-image-1420302\" srcset=\"https:\/\/marketing.harmonelo.io\/wp-content\/uploads\/2023\/04\/pexels-andrea-piacquadio-3768722-1024x683.jpg 1024w, https:\/\/marketing.harmonelo.io\/wp-content\/uploads\/2023\/04\/pexels-andrea-piacquadio-3768722-300x200.jpg 300w, https:\/\/marketing.harmonelo.io\/wp-content\/uploads\/2023\/04\/pexels-andrea-piacquadio-3768722-768x512.jpg 768w, https:\/\/marketing.harmonelo.io\/wp-content\/uploads\/2023\/04\/pexels-andrea-piacquadio-3768722-1536x1024.jpg 1536w, https:\/\/marketing.harmonelo.io\/wp-content\/uploads\/2023\/04\/pexels-andrea-piacquadio-3768722-2048x1365.jpg 2048w, https:\/\/marketing.harmonelo.io\/wp-content\/uploads\/2023\/04\/pexels-andrea-piacquadio-3768722-18x12.jpg 18w\" sizes=\"auto, (max-width: 1024px) 100vw, 1024px\" \/><\/figure>\n\n\n\n<h2 class=\"wp-block-heading has-text-align-center\">\ud83d\udccc Zkou\u0161ejte nov\u00e9 v\u011bci <\/h2>\n\n\n\n<p class=\"has-text-align-center\">Ob\u010das nen\u00ed na \u0161kodu vystoupit ze sv\u00e9 komfortn\u00ed z\u00f3ny. Zkusit se p\u0159ihl\u00e1sit na lekci n\u011b\u010deho, co by V\u00e1s d\u0159\u00edve ani nenapadlo. Sami pak l\u00e9pe posoud\u00edte jak\u00fd druh sportu V\u00e1m v\u00edce p\u0159irostl k srdci a kter\u00fd naopak nikoliv.<\/p>\n\n\n\n<h2 class=\"wp-block-heading has-text-align-center\">Za\u010dn\u011bte je\u0161t\u011b dnes!<\/h2>\n\n\n\n<p class=\"has-text-align-center\">Skv\u011bl\u00fdm par\u0165\u00e1kem m\u016f\u017ee b\u00fdt tak\u00e9 n\u011bkter\u00fd z na\u0161ich unik\u00e1tn\u00edch v\u00fdrobk\u016f!<\/p>\n\n\n\n<div class=\"wp-block-buttons is-content-justification-center is-layout-flex wp-container-core-buttons-is-layout-a89b3969 wp-block-buttons-is-layout-flex\">\n<div class=\"wp-block-button\"><a class=\"wp-block-button__link has-text-align-center wp-element-button\" href=\"https:\/\/harmonelo.com\/harmonelo-slim-d596\/\" target=\"_blank\" rel=\"noreferrer noopener\">VOL\u00cdM HARMONELO SLIM<\/a><\/div>\n<\/div>\n\n\n\n<div class=\"wp-block-buttons is-content-justification-center is-layout-flex wp-container-core-buttons-is-layout-a89b3969 wp-block-buttons-is-layout-flex\">\n<div class=\"wp-block-button\"><a class=\"wp-block-button__link has-text-align-center wp-element-button\" href=\"https:\/\/catalog.harmonelo.com\/produkty\/slim\" target=\"_blank\" rel=\"noreferrer noopener\">PRO\u010c ZROVNA HARMONELO SLIM?<\/a><\/div>\n<\/div>\n\n\n\n<p class=\"has-text-align-center has-x-large-font-size\">\ud83e\udd38\ud83e\uddd8\u200d\u2642\ufe0f\ud83c\udfc4\u200d\u2640\ufe0f<\/p>\n","protected":false},"excerpt":{"rendered":"<p>Vybudovat si postavu sn\u016f nemus\u00ed b\u00fdt a\u017e takov\u00e1 v\u011bda, jak se na prvn\u00ed pohled zd\u00e1. Je d\u016fle\u017eit\u00e9 m\u00edt na pam\u011bti, \u017ee ka\u017ed\u00fd krok se po\u010d\u00edt\u00e1! \ud83d\udccc Men\u0161\u00ed kr\u016f\u010dky = z\u00e1klad \u00fasp\u011bchu Je sice hezk\u00e9 dosahovat, co nejlep\u0161\u00edch v\u00fdsledk\u016f, ale je t\u0159eba myslet na to, \u017ee samotn\u00fd START se d\u00e1 pom\u011brn\u011b rychle a snadno p\u0159ep\u00e1lit. \ud83d\udccc [&hellip;]<\/p>\n","protected":false},"author":5,"featured_media":0,"parent":0,"menu_order":0,"comment_status":"closed","ping_status":"closed","template":"","meta":{"_eb_attr":"","footnotes":""},"class_list":["post-1800929","page","type-page","status-publish","hentry"],"_links":{"self":[{"href":"https:\/\/marketing.harmonelo.io\/cz\/wp-json\/wp\/v2\/pages\/1800929","targetHints":{"allow":["GET"]}}],"collection":[{"href":"https:\/\/marketing.harmonelo.io\/cz\/wp-json\/wp\/v2\/pages"}],"about":[{"href":"https:\/\/marketing.harmonelo.io\/cz\/wp-json\/wp\/v2\/types\/page"}],"author":[{"embeddable":true,"href":"https:\/\/marketing.harmonelo.io\/cz\/wp-json\/wp\/v2\/users\/5"}],"replies":[{"embeddable":true,"href":"https:\/\/marketing.harmonelo.io\/cz\/wp-json\/wp\/v2\/comments?post=1800929"}],"version-history":[{"count":2,"href":"https:\/\/marketing.harmonelo.io\/cz\/wp-json\/wp\/v2\/pages\/1800929\/revisions"}],"predecessor-version":[{"id":1813204,"href":"https:\/\/marketing.harmonelo.io\/cz\/wp-json\/wp\/v2\/pages\/1800929\/revisions\/1813204"}],"wp:attachment":[{"href":"https:\/\/marketing.harmonelo.io\/cz\/wp-json\/wp\/v2\/media?parent=1800929"}],"curies":[{"name":"wp","href":"https:\/\/api.w.org\/{rel}","templated":true}]}}